{"id":46211,"date":"2025-02-02T11:50:34","date_gmt":"2025-02-02T10:50:34","guid":{"rendered":"https:\/\/hybridsoftware.com\/colorant\/colorant-descargas\/"},"modified":"2025-02-02T11:50:34","modified_gmt":"2025-02-02T10:50:34","slug":"colorant-descargas","status":"publish","type":"page","link":"https:\/\/hybridsoftware.com\/es\/colorant\/colorant-descargas\/","title":{"rendered":"ColorAnt Descargas"},"content":{"rendered":"","protected":false},"excerpt":{"rendered":"","protected":false},"author":2,"featured_media":51998,"parent":46198,"menu_order":128,"comment_status":"closed","ping_status":"closed","template":"","meta":{"_acf_changed":false,"_seopress_robots_primary_cat":"","_seopress_titles_title":"Descargas ColorAnt: Obtenga la \u00faltima versi\u00f3n y recursos %%sep%% %%sitetitle%%","_seopress_titles_desc":"Descargue la \u00faltima versi\u00f3n de ColorAnt by ColorLogic, junto con recursos esenciales para mejorar sus procesos de medici\u00f3n y optimizaci\u00f3n del color.","_seopress_robots_index":"","footnotes":""},"class_list":["post-46211","page","type-page","status-publish","has-post-thumbnail","hentry"],"acf":[],"_links":{"self":[{"href":"https:\/\/hybridsoftware.com\/es\/wp-json\/wp\/v2\/pages\/46211","targetHints":{"allow":["GET"]}}],"collection":[{"href":"https:\/\/hybridsoftware.com\/es\/wp-json\/wp\/v2\/pages"}],"about":[{"href":"https:\/\/hybridsoftware.com\/es\/wp-json\/wp\/v2\/types\/page"}],"author":[{"embeddable":true,"href":"https:\/\/hybridsoftware.com\/es\/wp-json\/wp\/v2\/users\/2"}],"replies":[{"embeddable":true,"href":"https:\/\/hybridsoftware.com\/es\/wp-json\/wp\/v2\/comments?post=46211"}],"version-history":[{"count":0,"href":"https:\/\/hybridsoftware.com\/es\/wp-json\/wp\/v2\/pages\/46211\/revisions"}],"up":[{"embeddable":true,"href":"https:\/\/hybridsoftware.com\/es\/wp-json\/wp\/v2\/pages\/46198"}],"wp:featuredmedia":[{"embeddable":true,"href":"https:\/\/hybridsoftware.com\/es\/wp-json\/wp\/v2\/media\/51998"}],"wp:attachment":[{"href":"https:\/\/hybridsoftware.com\/es\/wp-json\/wp\/v2\/media?parent=46211"}],"curies":[{"name":"wp","href":"https:\/\/api.w.org\/{rel}","templated":true}]}}