{"id":46119,"date":"2025-02-25T17:37:27","date_gmt":"2025-02-25T16:37:27","guid":{"rendered":"https:\/\/hybridsoftware.com\/rip\/"},"modified":"2025-08-04T17:35:19","modified_gmt":"2025-08-04T15:35:19","slug":"rip","status":"publish","type":"page","link":"https:\/\/hybridsoftware.com\/es\/rip\/","title":{"rendered":"RIP"},"content":{"rendered":"","protected":false},"excerpt":{"rendered":"","protected":false},"author":2,"featured_media":52051,"parent":0,"menu_order":101,"comment_status":"closed","ping_status":"closed","template":"","meta":{"_acf_changed":false,"_seopress_robots_primary_cat":"","_seopress_titles_title":"Logre una velocidad inigualable con la tecnolog\u00eda RIP de alta velocidad","_seopress_titles_desc":"Experimente una velocidad y un control inigualables con nuestra r\u00e1pida tecnolog\u00eda RIP multi-hilo para cualquier prensa digital. Optimice su flujo de trabajo con la integraci\u00f3n de CLOUDFLOW.","_seopress_robots_index":"","footnotes":""},"class_list":["post-46119","page","type-page","status-publish","has-post-thumbnail","hentry"],"acf":[],"_links":{"self":[{"href":"https:\/\/hybridsoftware.com\/es\/wp-json\/wp\/v2\/pages\/46119","targetHints":{"allow":["GET"]}}],"collection":[{"href":"https:\/\/hybridsoftware.com\/es\/wp-json\/wp\/v2\/pages"}],"about":[{"href":"https:\/\/hybridsoftware.com\/es\/wp-json\/wp\/v2\/types\/page"}],"author":[{"embeddable":true,"href":"https:\/\/hybridsoftware.com\/es\/wp-json\/wp\/v2\/users\/2"}],"replies":[{"embeddable":true,"href":"https:\/\/hybridsoftware.com\/es\/wp-json\/wp\/v2\/comments?post=46119"}],"version-history":[{"count":0,"href":"https:\/\/hybridsoftware.com\/es\/wp-json\/wp\/v2\/pages\/46119\/revisions"}],"wp:featuredmedia":[{"embeddable":true,"href":"https:\/\/hybridsoftware.com\/es\/wp-json\/wp\/v2\/media\/52051"}],"wp:attachment":[{"href":"https:\/\/hybridsoftware.com\/es\/wp-json\/wp\/v2\/media?parent=46119"}],"curies":[{"name":"wp","href":"https:\/\/api.w.org\/{rel}","templated":true}]}}