{"id":46080,"date":"2025-02-26T18:00:30","date_gmt":"2025-02-26T17:00:30","guid":{"rendered":"https:\/\/hybridsoftware.com\/proofscope\/soporte-proofscope\/"},"modified":"2025-08-08T13:35:27","modified_gmt":"2025-08-08T11:35:27","slug":"soporte","status":"publish","type":"page","link":"https:\/\/hybridsoftware.com\/es\/proofscope\/soporte\/","title":{"rendered":"Soporte para Proofscope"},"content":{"rendered":"","protected":false},"excerpt":{"rendered":"","protected":false},"author":2,"featured_media":52045,"parent":46064,"menu_order":3,"comment_status":"closed","ping_status":"closed","template":"","meta":{"_acf_changed":false,"_seopress_robots_primary_cat":"","_seopress_titles_title":"Soporte de ProofScope \u2013 Asistencia experta para la revisi\u00f3n en l\u00ednea y la colaboraci\u00f3n %%sep%% %%sitetitle%%","_seopress_titles_desc":"Accede a un servicio de soporte especializado para ProofScope de HYBRID Software, que incluye asistencia t\u00e9cnica, gu\u00edas de resoluci\u00f3n de problemas y recursos para optimizar tus flujos de trabajo de revisi\u00f3n en l\u00ednea y colaboraci\u00f3n.","_seopress_robots_index":"","footnotes":""},"class_list":["post-46080","page","type-page","status-publish","has-post-thumbnail","hentry"],"acf":[],"_links":{"self":[{"href":"https:\/\/hybridsoftware.com\/es\/wp-json\/wp\/v2\/pages\/46080","targetHints":{"allow":["GET"]}}],"collection":[{"href":"https:\/\/hybridsoftware.com\/es\/wp-json\/wp\/v2\/pages"}],"about":[{"href":"https:\/\/hybridsoftware.com\/es\/wp-json\/wp\/v2\/types\/page"}],"author":[{"embeddable":true,"href":"https:\/\/hybridsoftware.com\/es\/wp-json\/wp\/v2\/users\/2"}],"replies":[{"embeddable":true,"href":"https:\/\/hybridsoftware.com\/es\/wp-json\/wp\/v2\/comments?post=46080"}],"version-history":[{"count":0,"href":"https:\/\/hybridsoftware.com\/es\/wp-json\/wp\/v2\/pages\/46080\/revisions"}],"up":[{"embeddable":true,"href":"https:\/\/hybridsoftware.com\/es\/wp-json\/wp\/v2\/pages\/46064"}],"wp:featuredmedia":[{"embeddable":true,"href":"https:\/\/hybridsoftware.com\/es\/wp-json\/wp\/v2\/media\/52045"}],"wp:attachment":[{"href":"https:\/\/hybridsoftware.com\/es\/wp-json\/wp\/v2\/media?parent=46080"}],"curies":[{"name":"wp","href":"https:\/\/api.w.org\/{rel}","templated":true}]}}