{"id":46064,"date":"2025-02-26T17:31:07","date_gmt":"2025-02-26T16:31:07","guid":{"rendered":"https:\/\/hybridsoftware.com\/proofscope\/"},"modified":"2025-08-04T18:09:05","modified_gmt":"2025-08-04T16:09:05","slug":"proofscope","status":"publish","type":"page","link":"https:\/\/hybridsoftware.com\/es\/proofscope\/","title":{"rendered":"Proofscope"},"content":{"rendered":"","protected":false},"excerpt":{"rendered":"","protected":false},"author":2,"featured_media":52045,"parent":0,"menu_order":101,"comment_status":"closed","ping_status":"closed","template":"","meta":{"_acf_changed":false,"_seopress_robots_primary_cat":"","_seopress_titles_title":"Comprobaci\u00f3n y colaboraci\u00f3n avanzadas en l\u00ednea con ProofScope %%sep%% %%sitetitle%%","_seopress_titles_desc":"Explore ProofScope, un visor basado en navegador que ofrece previsualizaciones de alta resoluci\u00f3n, renderizado en directo y herramientas de anotaci\u00f3n colaborativas para lograr flujos de trabajo eficaces en la producci\u00f3n de envases y etiquetas.","_seopress_robots_index":"","footnotes":""},"class_list":["post-46064","page","type-page","status-publish","has-post-thumbnail","hentry"],"acf":[],"_links":{"self":[{"href":"https:\/\/hybridsoftware.com\/es\/wp-json\/wp\/v2\/pages\/46064","targetHints":{"allow":["GET"]}}],"collection":[{"href":"https:\/\/hybridsoftware.com\/es\/wp-json\/wp\/v2\/pages"}],"about":[{"href":"https:\/\/hybridsoftware.com\/es\/wp-json\/wp\/v2\/types\/page"}],"author":[{"embeddable":true,"href":"https:\/\/hybridsoftware.com\/es\/wp-json\/wp\/v2\/users\/2"}],"replies":[{"embeddable":true,"href":"https:\/\/hybridsoftware.com\/es\/wp-json\/wp\/v2\/comments?post=46064"}],"version-history":[{"count":0,"href":"https:\/\/hybridsoftware.com\/es\/wp-json\/wp\/v2\/pages\/46064\/revisions"}],"wp:featuredmedia":[{"embeddable":true,"href":"https:\/\/hybridsoftware.com\/es\/wp-json\/wp\/v2\/media\/52045"}],"wp:attachment":[{"href":"https:\/\/hybridsoftware.com\/es\/wp-json\/wp\/v2\/media?parent=46064"}],"curies":[{"name":"wp","href":"https:\/\/api.w.org\/{rel}","templated":true}]}}