{"id":46054,"date":"2025-02-21T10:45:54","date_gmt":"2025-02-21T09:45:54","guid":{"rendered":"https:\/\/hybridsoftware.com\/software-de-diseno-de-envases-ic3d\/ic3d-descargas\/"},"modified":"2025-05-29T10:53:02","modified_gmt":"2025-05-29T08:53:02","slug":"descargas","status":"publish","type":"page","link":"https:\/\/hybridsoftware.com\/es\/ic3d\/descargas\/","title":{"rendered":"iC3D Descargas"},"content":{"rendered":"","protected":false},"excerpt":{"rendered":"","protected":false},"author":2,"featured_media":52023,"parent":46048,"menu_order":2,"comment_status":"closed","ping_status":"closed","template":"","meta":{"_acf_changed":false,"_seopress_robots_primary_cat":"","_seopress_titles_title":"Descargas iC3D - Acceda a las \u00faltimas versiones de software y recursos %%sep%% %%sitetitle%%","_seopress_titles_desc":"Descargue las \u00faltimas versiones y recursos de iC3D by HYBRID Software para mejorar sus flujos de trabajo de dise\u00f1o y visualizaci\u00f3n de envases.","_seopress_robots_index":"","footnotes":""},"class_list":["post-46054","page","type-page","status-publish","has-post-thumbnail","hentry"],"acf":[],"_links":{"self":[{"href":"https:\/\/hybridsoftware.com\/es\/wp-json\/wp\/v2\/pages\/46054","targetHints":{"allow":["GET"]}}],"collection":[{"href":"https:\/\/hybridsoftware.com\/es\/wp-json\/wp\/v2\/pages"}],"about":[{"href":"https:\/\/hybridsoftware.com\/es\/wp-json\/wp\/v2\/types\/page"}],"author":[{"embeddable":true,"href":"https:\/\/hybridsoftware.com\/es\/wp-json\/wp\/v2\/users\/2"}],"replies":[{"embeddable":true,"href":"https:\/\/hybridsoftware.com\/es\/wp-json\/wp\/v2\/comments?post=46054"}],"version-history":[{"count":0,"href":"https:\/\/hybridsoftware.com\/es\/wp-json\/wp\/v2\/pages\/46054\/revisions"}],"up":[{"embeddable":true,"href":"https:\/\/hybridsoftware.com\/es\/wp-json\/wp\/v2\/pages\/46048"}],"wp:featuredmedia":[{"embeddable":true,"href":"https:\/\/hybridsoftware.com\/es\/wp-json\/wp\/v2\/media\/52023"}],"wp:attachment":[{"href":"https:\/\/hybridsoftware.com\/es\/wp-json\/wp\/v2\/media?parent=46054"}],"curies":[{"name":"wp","href":"https:\/\/api.w.org\/{rel}","templated":true}]}}