{"id":46048,"date":"2024-10-14T19:24:58","date_gmt":"2024-10-14T17:24:58","guid":{"rendered":"https:\/\/hybridsoftware.com\/software-de-diseno-de-envases-ic3d\/"},"modified":"2025-08-04T18:13:34","modified_gmt":"2025-08-04T16:13:34","slug":"ic3d","status":"publish","type":"page","link":"https:\/\/hybridsoftware.com\/es\/ic3d\/","title":{"rendered":"Software de dise\u00f1o de envases iC3D"},"content":{"rendered":"","protected":false},"excerpt":{"rendered":"","protected":false},"author":2,"featured_media":52023,"parent":0,"menu_order":107,"comment_status":"closed","ping_status":"closed","template":"","meta":{"_acf_changed":false,"_seopress_robots_primary_cat":"","_seopress_titles_title":"Descubra iC3D: Software integral de dise\u00f1o y visualizaci\u00f3n de envases %%sep%% %%sitetitle%%","_seopress_titles_desc":"Explore iC3D, una aplicaci\u00f3n de dise\u00f1o de envases todo en uno que permite la visualizaci\u00f3n, creaci\u00f3n de prototipos y pruebas en 3D en tiempo real de varios tipos de envases, agilizando su proceso de dise\u00f1o a producci\u00f3n.","_seopress_robots_index":"","footnotes":""},"class_list":["post-46048","page","type-page","status-publish","has-post-thumbnail","hentry"],"acf":[],"_links":{"self":[{"href":"https:\/\/hybridsoftware.com\/es\/wp-json\/wp\/v2\/pages\/46048","targetHints":{"allow":["GET"]}}],"collection":[{"href":"https:\/\/hybridsoftware.com\/es\/wp-json\/wp\/v2\/pages"}],"about":[{"href":"https:\/\/hybridsoftware.com\/es\/wp-json\/wp\/v2\/types\/page"}],"author":[{"embeddable":true,"href":"https:\/\/hybridsoftware.com\/es\/wp-json\/wp\/v2\/users\/2"}],"replies":[{"embeddable":true,"href":"https:\/\/hybridsoftware.com\/es\/wp-json\/wp\/v2\/comments?post=46048"}],"version-history":[{"count":0,"href":"https:\/\/hybridsoftware.com\/es\/wp-json\/wp\/v2\/pages\/46048\/revisions"}],"wp:featuredmedia":[{"embeddable":true,"href":"https:\/\/hybridsoftware.com\/es\/wp-json\/wp\/v2\/media\/52023"}],"wp:attachment":[{"href":"https:\/\/hybridsoftware.com\/es\/wp-json\/wp\/v2\/media?parent=46048"}],"curies":[{"name":"wp","href":"https:\/\/api.w.org\/{rel}","templated":true}]}}