{"id":46039,"date":"2025-02-27T12:13:57","date_gmt":"2025-02-27T11:13:57","guid":{"rendered":"https:\/\/hybridsoftware.com\/capture3d\/soporte-capture3d\/"},"modified":"2025-08-08T13:31:38","modified_gmt":"2025-08-08T11:31:38","slug":"soporte-capture3d","status":"publish","type":"page","link":"https:\/\/hybridsoftware.com\/es\/capture3d\/soporte-capture3d\/","title":{"rendered":"Soporte para Capture3D"},"content":{"rendered":"","protected":false},"excerpt":{"rendered":"","protected":false},"author":2,"featured_media":51983,"parent":46027,"menu_order":3,"comment_status":"closed","ping_status":"closed","template":"","meta":{"_acf_changed":false,"_seopress_robots_primary_cat":"","_seopress_titles_title":"Obt\u00e9n soporte y asistencia para Capture 3D %%sep%% %%sitetitle%%","_seopress_titles_desc":"Recibe %%post_title%% la ayuda de expertos del sector, a nivel local, para la planificaci\u00f3n, implementaci\u00f3n, uso y optimizaci\u00f3n.","_seopress_robots_index":"","footnotes":""},"class_list":["post-46039","page","type-page","status-publish","has-post-thumbnail","hentry"],"acf":[],"_links":{"self":[{"href":"https:\/\/hybridsoftware.com\/es\/wp-json\/wp\/v2\/pages\/46039","targetHints":{"allow":["GET"]}}],"collection":[{"href":"https:\/\/hybridsoftware.com\/es\/wp-json\/wp\/v2\/pages"}],"about":[{"href":"https:\/\/hybridsoftware.com\/es\/wp-json\/wp\/v2\/types\/page"}],"author":[{"embeddable":true,"href":"https:\/\/hybridsoftware.com\/es\/wp-json\/wp\/v2\/users\/2"}],"replies":[{"embeddable":true,"href":"https:\/\/hybridsoftware.com\/es\/wp-json\/wp\/v2\/comments?post=46039"}],"version-history":[{"count":0,"href":"https:\/\/hybridsoftware.com\/es\/wp-json\/wp\/v2\/pages\/46039\/revisions"}],"up":[{"embeddable":true,"href":"https:\/\/hybridsoftware.com\/es\/wp-json\/wp\/v2\/pages\/46027"}],"wp:featuredmedia":[{"embeddable":true,"href":"https:\/\/hybridsoftware.com\/es\/wp-json\/wp\/v2\/media\/51983"}],"wp:attachment":[{"href":"https:\/\/hybridsoftware.com\/es\/wp-json\/wp\/v2\/media?parent=46039"}],"curies":[{"name":"wp","href":"https:\/\/api.w.org\/{rel}","templated":true}]}}