{"id":46030,"date":"2025-02-27T14:30:06","date_gmt":"2025-02-27T13:30:06","guid":{"rendered":"https:\/\/hybridsoftware.com\/soporte-de-visualizacion-3d\/"},"modified":"2025-04-09T15:03:48","modified_gmt":"2025-04-09T13:03:48","slug":"soporte-de-visualizacion-3d","status":"publish","type":"page","link":"https:\/\/hybridsoftware.com\/es\/soporte-de-visualizacion-3d\/","title":{"rendered":"Soporte de visualizaci\u00f3n 3D"},"content":{"rendered":"","protected":false},"excerpt":{"rendered":"","protected":false},"author":2,"featured_media":0,"parent":46018,"menu_order":3,"comment_status":"closed","ping_status":"closed","template":"","meta":{"_acf_changed":false,"_seopress_robots_primary_cat":"","_seopress_titles_title":"Obtenga ayuda y asistencia con la visualizaci\u00f3n en 3D %%sep%% %%sitetitle%%","_seopress_titles_desc":"Obtenga %%post_title%% de expertos del sector a nivel local para la planificaci\u00f3n, implementaci\u00f3n, utilizaci\u00f3n y optimizaci\u00f3n.","_seopress_robots_index":"","footnotes":""},"class_list":["post-46030","page","type-page","status-publish","hentry"],"acf":[],"_links":{"self":[{"href":"https:\/\/hybridsoftware.com\/es\/wp-json\/wp\/v2\/pages\/46030","targetHints":{"allow":["GET"]}}],"collection":[{"href":"https:\/\/hybridsoftware.com\/es\/wp-json\/wp\/v2\/pages"}],"about":[{"href":"https:\/\/hybridsoftware.com\/es\/wp-json\/wp\/v2\/types\/page"}],"author":[{"embeddable":true,"href":"https:\/\/hybridsoftware.com\/es\/wp-json\/wp\/v2\/users\/2"}],"replies":[{"embeddable":true,"href":"https:\/\/hybridsoftware.com\/es\/wp-json\/wp\/v2\/comments?post=46030"}],"version-history":[{"count":0,"href":"https:\/\/hybridsoftware.com\/es\/wp-json\/wp\/v2\/pages\/46030\/revisions"}],"up":[{"embeddable":true,"href":"https:\/\/hybridsoftware.com\/es\/wp-json\/wp\/v2\/pages\/46018"}],"wp:attachment":[{"href":"https:\/\/hybridsoftware.com\/es\/wp-json\/wp\/v2\/media?parent=46030"}],"curies":[{"name":"wp","href":"https:\/\/api.w.org\/{rel}","templated":true}]}}