{"id":46010,"date":"2025-02-27T12:19:37","date_gmt":"2025-02-27T11:19:37","guid":{"rendered":"https:\/\/hybridsoftware.com\/flujo-de-trabajo-3d\/"},"modified":"2025-08-04T18:20:31","modified_gmt":"2025-08-04T16:20:31","slug":"3d","status":"publish","type":"page","link":"https:\/\/hybridsoftware.com\/es\/3d\/","title":{"rendered":"Flujo de trabajo 3D"},"content":{"rendered":"","protected":false},"excerpt":{"rendered":"","protected":false},"author":2,"featured_media":51977,"parent":0,"menu_order":101,"comment_status":"closed","ping_status":"closed","template":"","meta":{"_acf_changed":false,"_seopress_robots_primary_cat":"","_seopress_titles_title":"Flujo de trabajo 3D para la automatizaci\u00f3n de la preimpresi\u00f3n de etiquetas y embalajes","_seopress_titles_desc":"El m\u00f3dulo CLOUDFLOW 3D de Hybrid Software ofrece una visualizaci\u00f3n 3D de productos basada en HTML5 y sin plugins, utilizando la tecnolog\u00eda iC3D, lo que agiliza las pruebas y las aprobaciones.","_seopress_robots_index":"","footnotes":""},"class_list":["post-46010","page","type-page","status-publish","has-post-thumbnail","hentry"],"acf":[],"_links":{"self":[{"href":"https:\/\/hybridsoftware.com\/es\/wp-json\/wp\/v2\/pages\/46010","targetHints":{"allow":["GET"]}}],"collection":[{"href":"https:\/\/hybridsoftware.com\/es\/wp-json\/wp\/v2\/pages"}],"about":[{"href":"https:\/\/hybridsoftware.com\/es\/wp-json\/wp\/v2\/types\/page"}],"author":[{"embeddable":true,"href":"https:\/\/hybridsoftware.com\/es\/wp-json\/wp\/v2\/users\/2"}],"replies":[{"embeddable":true,"href":"https:\/\/hybridsoftware.com\/es\/wp-json\/wp\/v2\/comments?post=46010"}],"version-history":[{"count":0,"href":"https:\/\/hybridsoftware.com\/es\/wp-json\/wp\/v2\/pages\/46010\/revisions"}],"wp:featuredmedia":[{"embeddable":true,"href":"https:\/\/hybridsoftware.com\/es\/wp-json\/wp\/v2\/media\/51977"}],"wp:attachment":[{"href":"https:\/\/hybridsoftware.com\/es\/wp-json\/wp\/v2\/media?parent=46010"}],"curies":[{"name":"wp","href":"https:\/\/api.w.org\/{rel}","templated":true}]}}