{"id":45987,"date":"2024-10-10T12:19:13","date_gmt":"2024-10-10T10:19:13","guid":{"rendered":"https:\/\/hybridsoftware.com\/cloudflow\/"},"modified":"2025-05-28T11:20:14","modified_gmt":"2025-05-28T09:20:14","slug":"cloudflow","status":"publish","type":"page","link":"https:\/\/hybridsoftware.com\/es\/cloudflow\/","title":{"rendered":"CLOUDFLOW"},"content":{"rendered":"","protected":false},"excerpt":{"rendered":"","protected":false},"author":2,"featured_media":51990,"parent":0,"menu_order":101,"comment_status":"closed","ping_status":"closed","template":"","meta":{"_acf_changed":false,"_seopress_robots_primary_cat":"","_seopress_titles_title":"Descubra la automatizaci\u00f3n escalable del flujo de trabajo de CLOUDFLOW para envases y etiquetas","_seopress_titles_desc":"CLOUDFLOW de HYBRID Software agiliza los flujos de trabajo de preimpresi\u00f3n con una potente automatizaci\u00f3n, herramientas de colaboraci\u00f3n y eficiencia basada en la nube para los profesionales de la impresi\u00f3n.","_seopress_robots_index":"","footnotes":""},"class_list":["post-45987","page","type-page","status-publish","has-post-thumbnail","hentry"],"acf":[],"_links":{"self":[{"href":"https:\/\/hybridsoftware.com\/es\/wp-json\/wp\/v2\/pages\/45987","targetHints":{"allow":["GET"]}}],"collection":[{"href":"https:\/\/hybridsoftware.com\/es\/wp-json\/wp\/v2\/pages"}],"about":[{"href":"https:\/\/hybridsoftware.com\/es\/wp-json\/wp\/v2\/types\/page"}],"author":[{"embeddable":true,"href":"https:\/\/hybridsoftware.com\/es\/wp-json\/wp\/v2\/users\/2"}],"replies":[{"embeddable":true,"href":"https:\/\/hybridsoftware.com\/es\/wp-json\/wp\/v2\/comments?post=45987"}],"version-history":[{"count":0,"href":"https:\/\/hybridsoftware.com\/es\/wp-json\/wp\/v2\/pages\/45987\/revisions"}],"wp:featuredmedia":[{"embeddable":true,"href":"https:\/\/hybridsoftware.com\/es\/wp-json\/wp\/v2\/media\/51990"}],"wp:attachment":[{"href":"https:\/\/hybridsoftware.com\/es\/wp-json\/wp\/v2\/media?parent=45987"}],"curies":[{"name":"wp","href":"https:\/\/api.w.org\/{rel}","templated":true}]}}