{"id":45963,"date":"2025-02-24T08:06:35","date_gmt":"2025-02-24T07:06:35","guid":{"rendered":"https:\/\/hybridsoftware.com\/eventos\/"},"modified":"2025-06-23T16:59:04","modified_gmt":"2025-06-23T14:59:04","slug":"eventos","status":"publish","type":"page","link":"https:\/\/hybridsoftware.com\/es\/eventos\/","title":{"rendered":"Eventos"},"content":{"rendered":"","protected":false},"excerpt":{"rendered":"","protected":false},"author":1,"featured_media":0,"parent":0,"menu_order":130,"comment_status":"closed","ping_status":"closed","template":"","meta":{"_acf_changed":false,"_seopress_robots_primary_cat":"","_seopress_titles_title":"Pr\u00f3ximas conferencias, seminarios web y compromisos con la industria %%sep%% %%sitetitle%%","_seopress_titles_desc":"Mant\u00e9ngase al d\u00eda sobre los pr\u00f3ximos eventos de HYBRID Software, incluyendo conferencias, seminarios web y compromisos de la industria dise\u00f1ados para mostrar nuestras \u00faltimas innovaciones y fomentar la colaboraci\u00f3n dentro de la comunidad de impresi\u00f3n y envasado.","_seopress_robots_index":"","footnotes":""},"class_list":["post-45963","page","type-page","status-publish","hentry"],"acf":[],"_links":{"self":[{"href":"https:\/\/hybridsoftware.com\/es\/wp-json\/wp\/v2\/pages\/45963","targetHints":{"allow":["GET"]}}],"collection":[{"href":"https:\/\/hybridsoftware.com\/es\/wp-json\/wp\/v2\/pages"}],"about":[{"href":"https:\/\/hybridsoftware.com\/es\/wp-json\/wp\/v2\/types\/page"}],"author":[{"embeddable":true,"href":"https:\/\/hybridsoftware.com\/es\/wp-json\/wp\/v2\/users\/1"}],"replies":[{"embeddable":true,"href":"https:\/\/hybridsoftware.com\/es\/wp-json\/wp\/v2\/comments?post=45963"}],"version-history":[{"count":0,"href":"https:\/\/hybridsoftware.com\/es\/wp-json\/wp\/v2\/pages\/45963\/revisions"}],"wp:attachment":[{"href":"https:\/\/hybridsoftware.com\/es\/wp-json\/wp\/v2\/media?parent=45963"}],"curies":[{"name":"wp","href":"https:\/\/api.w.org\/{rel}","templated":true}]}}