{"id":45650,"date":"2024-09-26T14:46:23","date_gmt":"2024-09-26T12:46:23","guid":{"rendered":"https:\/\/hybridsoftware.com\/sostenibilidad\/"},"modified":"2025-04-09T10:22:46","modified_gmt":"2025-04-09T08:22:46","slug":"sostenibilidad","status":"publish","type":"page","link":"https:\/\/hybridsoftware.com\/es\/sostenibilidad\/","title":{"rendered":"Sostenibilidad"},"content":{"rendered":"","protected":false},"excerpt":{"rendered":"","protected":false},"author":1,"featured_media":0,"parent":0,"menu_order":136,"comment_status":"closed","ping_status":"closed","template":"","meta":{"_acf_changed":false,"_seopress_robots_primary_cat":"","_seopress_titles_title":"Impulsar la sostenibilidad en la impresi\u00f3n mediante un software inteligente %%sep%% %%sitetitle%%","_seopress_titles_desc":"Descubra c\u00f3mo HYBRID Software apoya la sostenibilidad en el sector de la impresi\u00f3n con soluciones ecoeficientes que reducen los residuos, agilizan los flujos de trabajo y optimizan los recursos.","_seopress_robots_index":"","footnotes":""},"class_list":["post-45650","page","type-page","status-publish","hentry"],"acf":[],"_links":{"self":[{"href":"https:\/\/hybridsoftware.com\/es\/wp-json\/wp\/v2\/pages\/45650","targetHints":{"allow":["GET"]}}],"collection":[{"href":"https:\/\/hybridsoftware.com\/es\/wp-json\/wp\/v2\/pages"}],"about":[{"href":"https:\/\/hybridsoftware.com\/es\/wp-json\/wp\/v2\/types\/page"}],"author":[{"embeddable":true,"href":"https:\/\/hybridsoftware.com\/es\/wp-json\/wp\/v2\/users\/1"}],"replies":[{"embeddable":true,"href":"https:\/\/hybridsoftware.com\/es\/wp-json\/wp\/v2\/comments?post=45650"}],"version-history":[{"count":0,"href":"https:\/\/hybridsoftware.com\/es\/wp-json\/wp\/v2\/pages\/45650\/revisions"}],"wp:attachment":[{"href":"https:\/\/hybridsoftware.com\/es\/wp-json\/wp\/v2\/media?parent=45650"}],"curies":[{"name":"wp","href":"https:\/\/api.w.org\/{rel}","templated":true}]}}