{"id":45645,"date":"2024-12-05T14:21:56","date_gmt":"2024-12-05T13:21:56","guid":{"rendered":"https:\/\/hybridsoftware.com\/quienes-somos\/"},"modified":"2024-12-05T14:21:56","modified_gmt":"2024-12-05T13:21:56","slug":"quienes-somos","status":"publish","type":"page","link":"https:\/\/hybridsoftware.com\/es\/quienes-somos\/","title":{"rendered":"Qui\u00e9nes somos"},"content":{"rendered":"","protected":false},"excerpt":{"rendered":"","protected":false},"author":1,"featured_media":0,"parent":0,"menu_order":109,"comment_status":"closed","ping_status":"closed","template":"","meta":{"_acf_changed":false,"_seopress_robots_primary_cat":"","_seopress_titles_title":"Conozca Hybrid Software, innovadores en herramientas de productividad para artes gr\u00e1ficas %%sep%% %%sitetitle%%","_seopress_titles_desc":"Conozca HYBRID Software, desarrollador mundial de innovadoras herramientas de productividad para el sector de las artes gr\u00e1ficas, que ofrece soluciones como CLOUDFLOW, PACKZ y STEPZ para mejorar los flujos de trabajo de preimpresi\u00f3n e impresi\u00f3n.","_seopress_robots_index":"","footnotes":""},"class_list":["post-45645","page","type-page","status-publish","hentry"],"acf":[],"_links":{"self":[{"href":"https:\/\/hybridsoftware.com\/es\/wp-json\/wp\/v2\/pages\/45645","targetHints":{"allow":["GET"]}}],"collection":[{"href":"https:\/\/hybridsoftware.com\/es\/wp-json\/wp\/v2\/pages"}],"about":[{"href":"https:\/\/hybridsoftware.com\/es\/wp-json\/wp\/v2\/types\/page"}],"author":[{"embeddable":true,"href":"https:\/\/hybridsoftware.com\/es\/wp-json\/wp\/v2\/users\/1"}],"replies":[{"embeddable":true,"href":"https:\/\/hybridsoftware.com\/es\/wp-json\/wp\/v2\/comments?post=45645"}],"version-history":[{"count":0,"href":"https:\/\/hybridsoftware.com\/es\/wp-json\/wp\/v2\/pages\/45645\/revisions"}],"wp:attachment":[{"href":"https:\/\/hybridsoftware.com\/es\/wp-json\/wp\/v2\/media?parent=45645"}],"curies":[{"name":"wp","href":"https:\/\/api.w.org\/{rel}","templated":true}]}}