{"id":45640,"date":"2024-09-26T14:48:11","date_gmt":"2024-09-26T12:48:11","guid":{"rendered":"https:\/\/hybridsoftware.com\/equipo-directivo\/"},"modified":"2025-05-06T12:37:48","modified_gmt":"2025-05-06T10:37:48","slug":"equipo-directivo","status":"publish","type":"page","link":"https:\/\/hybridsoftware.com\/es\/equipo-directivo\/","title":{"rendered":"Equipo directivo"},"content":{"rendered":"","protected":false},"excerpt":{"rendered":"","protected":false},"author":1,"featured_media":0,"parent":0,"menu_order":106,"comment_status":"closed","ping_status":"closed","template":"","meta":{"_acf_changed":false,"_seopress_robots_primary_cat":"","_seopress_titles_title":"Conozca al equipo directivo que impulsa la innovaci\u00f3n en HYBRID Software %%sep%% %%sitetitle%%","_seopress_titles_desc":"Conozca al equipo directivo de HYBRID Software, que aporta d\u00e9cadas de experiencia en el sector de las artes gr\u00e1ficas para impulsar la innovaci\u00f3n en soluciones de preimpresi\u00f3n e impresi\u00f3n.","_seopress_robots_index":"","footnotes":""},"class_list":["post-45640","page","type-page","status-publish","hentry"],"acf":[],"_links":{"self":[{"href":"https:\/\/hybridsoftware.com\/es\/wp-json\/wp\/v2\/pages\/45640","targetHints":{"allow":["GET"]}}],"collection":[{"href":"https:\/\/hybridsoftware.com\/es\/wp-json\/wp\/v2\/pages"}],"about":[{"href":"https:\/\/hybridsoftware.com\/es\/wp-json\/wp\/v2\/types\/page"}],"author":[{"embeddable":true,"href":"https:\/\/hybridsoftware.com\/es\/wp-json\/wp\/v2\/users\/1"}],"replies":[{"embeddable":true,"href":"https:\/\/hybridsoftware.com\/es\/wp-json\/wp\/v2\/comments?post=45640"}],"version-history":[{"count":0,"href":"https:\/\/hybridsoftware.com\/es\/wp-json\/wp\/v2\/pages\/45640\/revisions"}],"wp:attachment":[{"href":"https:\/\/hybridsoftware.com\/es\/wp-json\/wp\/v2\/media?parent=45640"}],"curies":[{"name":"wp","href":"https:\/\/api.w.org\/{rel}","templated":true}]}}