{"id":45619,"date":"2025-01-06T12:41:06","date_gmt":"2025-01-06T11:41:06","guid":{"rendered":"https:\/\/hybridsoftware.com\/ahorre-tiempo-en-sus-procesos-de-preimpresion\/"},"modified":"2025-08-05T18:15:23","modified_gmt":"2025-08-05T16:15:23","slug":"ahorre-tiempo-en-sus-procesos-de-preimpresion","status":"publish","type":"page","link":"https:\/\/hybridsoftware.com\/es\/ahorre-tiempo-en-sus-procesos-de-preimpresion\/","title":{"rendered":"Ahorre tiempo en sus procesos de preimpresi\u00f3n"},"content":{"rendered":"","protected":false},"excerpt":{"rendered":"","protected":false},"author":2,"featured_media":0,"parent":0,"menu_order":3,"comment_status":"closed","ping_status":"closed","template":"","meta":{"_acf_changed":false,"_seopress_robots_primary_cat":"","_seopress_titles_title":"Ahorre tiempo en sus procesos de preimpresi\u00f3n con soluciones eficientes %%sep%% %%sitetitle%%","_seopress_titles_desc":"Descubra c\u00f3mo las herramientas innovadoras de HYBRID Software pueden optimizar sus flujos de trabajo de preimpresi\u00f3n, reduciendo el tiempo y aumentando la eficiencia en sus procesos de producci\u00f3n de impresi\u00f3n.","_seopress_robots_index":"","footnotes":""},"class_list":["post-45619","page","type-page","status-publish","hentry"],"acf":[],"_links":{"self":[{"href":"https:\/\/hybridsoftware.com\/es\/wp-json\/wp\/v2\/pages\/45619","targetHints":{"allow":["GET"]}}],"collection":[{"href":"https:\/\/hybridsoftware.com\/es\/wp-json\/wp\/v2\/pages"}],"about":[{"href":"https:\/\/hybridsoftware.com\/es\/wp-json\/wp\/v2\/types\/page"}],"author":[{"embeddable":true,"href":"https:\/\/hybridsoftware.com\/es\/wp-json\/wp\/v2\/users\/2"}],"replies":[{"embeddable":true,"href":"https:\/\/hybridsoftware.com\/es\/wp-json\/wp\/v2\/comments?post=45619"}],"version-history":[{"count":0,"href":"https:\/\/hybridsoftware.com\/es\/wp-json\/wp\/v2\/pages\/45619\/revisions"}],"wp:attachment":[{"href":"https:\/\/hybridsoftware.com\/es\/wp-json\/wp\/v2\/media?parent=45619"}],"curies":[{"name":"wp","href":"https:\/\/api.w.org\/{rel}","templated":true}]}}