{"id":45618,"date":"2024-12-22T17:35:39","date_gmt":"2024-12-22T16:35:39","guid":{"rendered":"https:\/\/hybridsoftware.com\/propietarios-de-marcas\/"},"modified":"2025-06-18T18:46:00","modified_gmt":"2025-06-18T16:46:00","slug":"propietarios-de-marcas","status":"publish","type":"page","link":"https:\/\/hybridsoftware.com\/es\/propietarios-de-marcas\/","title":{"rendered":"Propietarios de Marcas"},"content":{"rendered":"","protected":false},"excerpt":{"rendered":"","protected":false},"author":1,"featured_media":0,"parent":0,"menu_order":2,"comment_status":"closed","ping_status":"closed","template":"","meta":{"_acf_changed":false,"_seopress_robots_primary_cat":"","_seopress_titles_title":"Soluciones de software para propietarios de marcas: agilice sus procesos de dise\u00f1o y aprobaci\u00f3n de envases %%sep%% %%sitetitle%%","_seopress_titles_desc":"Descubra c\u00f3mo HYBRID Software ofrece soluciones innovadoras como Artflow e iC3D para mejorar el dise\u00f1o de envases, la gesti\u00f3n de material gr\u00e1fico y los flujos de trabajo de aprobaci\u00f3n para propietarios de marcas y empresas de bienes de consumo envasados.","_seopress_robots_index":"","footnotes":""},"class_list":["post-45618","page","type-page","status-publish","hentry"],"acf":[],"_links":{"self":[{"href":"https:\/\/hybridsoftware.com\/es\/wp-json\/wp\/v2\/pages\/45618","targetHints":{"allow":["GET"]}}],"collection":[{"href":"https:\/\/hybridsoftware.com\/es\/wp-json\/wp\/v2\/pages"}],"about":[{"href":"https:\/\/hybridsoftware.com\/es\/wp-json\/wp\/v2\/types\/page"}],"author":[{"embeddable":true,"href":"https:\/\/hybridsoftware.com\/es\/wp-json\/wp\/v2\/users\/1"}],"replies":[{"embeddable":true,"href":"https:\/\/hybridsoftware.com\/es\/wp-json\/wp\/v2\/comments?post=45618"}],"version-history":[{"count":0,"href":"https:\/\/hybridsoftware.com\/es\/wp-json\/wp\/v2\/pages\/45618\/revisions"}],"wp:attachment":[{"href":"https:\/\/hybridsoftware.com\/es\/wp-json\/wp\/v2\/media?parent=45618"}],"curies":[{"name":"wp","href":"https:\/\/api.w.org\/{rel}","templated":true}]}}