{"id":45615,"date":"2024-12-03T17:32:40","date_gmt":"2024-12-03T16:32:40","guid":{"rendered":"https:\/\/hybridsoftware.com\/impresoras-de-carton-ondulado\/"},"modified":"2025-06-18T17:53:10","modified_gmt":"2025-06-18T15:53:10","slug":"impresoras-de-carton-ondulado","status":"publish","type":"page","link":"https:\/\/hybridsoftware.com\/es\/impresoras-de-carton-ondulado\/","title":{"rendered":"Impresoras de cart\u00f3n ondulado"},"content":{"rendered":"","protected":false},"excerpt":{"rendered":"","protected":false},"author":1,"featured_media":0,"parent":0,"menu_order":2,"comment_status":"closed","ping_status":"closed","template":"","meta":{"_acf_changed":false,"_seopress_robots_primary_cat":"","_seopress_titles_title":"Soluciones de software para impresores de cart\u00f3n corrugado \u2013 mejore la eficiencia y adopte la transformaci\u00f3n digital %%sep%% %%sitetitle%%","_seopress_titles_desc":"Descubra c\u00f3mo las herramientas innovadoras de HYBRID Software optimizan los flujos de trabajo de impresi\u00f3n de cart\u00f3n corrugado, reducen los puntos de contacto y facilitan la transici\u00f3n a la impresi\u00f3n digital, aumentando la eficiencia y la satisfacci\u00f3n del cliente.","_seopress_robots_index":"","footnotes":""},"class_list":["post-45615","page","type-page","status-publish","hentry"],"acf":[],"_links":{"self":[{"href":"https:\/\/hybridsoftware.com\/es\/wp-json\/wp\/v2\/pages\/45615","targetHints":{"allow":["GET"]}}],"collection":[{"href":"https:\/\/hybridsoftware.com\/es\/wp-json\/wp\/v2\/pages"}],"about":[{"href":"https:\/\/hybridsoftware.com\/es\/wp-json\/wp\/v2\/types\/page"}],"author":[{"embeddable":true,"href":"https:\/\/hybridsoftware.com\/es\/wp-json\/wp\/v2\/users\/1"}],"replies":[{"embeddable":true,"href":"https:\/\/hybridsoftware.com\/es\/wp-json\/wp\/v2\/comments?post=45615"}],"version-history":[{"count":0,"href":"https:\/\/hybridsoftware.com\/es\/wp-json\/wp\/v2\/pages\/45615\/revisions"}],"wp:attachment":[{"href":"https:\/\/hybridsoftware.com\/es\/wp-json\/wp\/v2\/media?parent=45615"}],"curies":[{"name":"wp","href":"https:\/\/api.w.org\/{rel}","templated":true}]}}