{"id":45614,"date":"2024-12-03T17:17:46","date_gmt":"2024-12-03T16:17:46","guid":{"rendered":"https:\/\/hybridsoftware.com\/impresoras-de-carton-plegable\/"},"modified":"2025-08-04T16:31:02","modified_gmt":"2025-08-04T14:31:02","slug":"impresoras-de-carton-plegable","status":"publish","type":"page","link":"https:\/\/hybridsoftware.com\/es\/impresoras-de-carton-plegable\/","title":{"rendered":"Impresoras de cart\u00f3n plegable"},"content":{"rendered":"","protected":false},"excerpt":{"rendered":"","protected":false},"author":1,"featured_media":0,"parent":0,"menu_order":2,"comment_status":"closed","ping_status":"closed","template":"","meta":{"_acf_changed":false,"_seopress_robots_primary_cat":"","_seopress_titles_title":"Soluciones de software para impresores de cart\u00f3n plegable - optimizaci\u00f3n de flujos de trabajo de preimpresi\u00f3n e impresi\u00f3n %%sep%% %%sitetitle%%","_seopress_titles_desc":"Descubra c\u00f3mo las herramientas innovadoras de HYBRID Software, incluyendo PACKZ y CLOUDFLOW, mejoran la eficiencia y reducen el tiempo de comercializaci\u00f3n para los impresores de cart\u00f3n plegable mediante la automatizaci\u00f3n de los procesos de preimpresi\u00f3n y la integraci\u00f3n perfecta con los sistemas existentes.","_seopress_robots_index":"","footnotes":""},"class_list":["post-45614","page","type-page","status-publish","hentry"],"acf":[],"_links":{"self":[{"href":"https:\/\/hybridsoftware.com\/es\/wp-json\/wp\/v2\/pages\/45614","targetHints":{"allow":["GET"]}}],"collection":[{"href":"https:\/\/hybridsoftware.com\/es\/wp-json\/wp\/v2\/pages"}],"about":[{"href":"https:\/\/hybridsoftware.com\/es\/wp-json\/wp\/v2\/types\/page"}],"author":[{"embeddable":true,"href":"https:\/\/hybridsoftware.com\/es\/wp-json\/wp\/v2\/users\/1"}],"replies":[{"embeddable":true,"href":"https:\/\/hybridsoftware.com\/es\/wp-json\/wp\/v2\/comments?post=45614"}],"version-history":[{"count":0,"href":"https:\/\/hybridsoftware.com\/es\/wp-json\/wp\/v2\/pages\/45614\/revisions"}],"wp:attachment":[{"href":"https:\/\/hybridsoftware.com\/es\/wp-json\/wp\/v2\/media?parent=45614"}],"curies":[{"name":"wp","href":"https:\/\/api.w.org\/{rel}","templated":true}]}}