{"id":45613,"date":"2024-12-02T16:12:42","date_gmt":"2024-12-02T15:12:42","guid":{"rendered":"https:\/\/hybridsoftware.com\/impresoras-de-packaging-flexible\/"},"modified":"2025-08-04T16:22:24","modified_gmt":"2025-08-04T14:22:24","slug":"impresoras-de-packaging-flexible","status":"publish","type":"page","link":"https:\/\/hybridsoftware.com\/es\/impresoras-de-packaging-flexible\/","title":{"rendered":"Impresoras de envases flexibles"},"content":{"rendered":"","protected":false},"excerpt":{"rendered":"","protected":false},"author":1,"featured_media":0,"parent":0,"menu_order":2,"comment_status":"closed","ping_status":"closed","template":"","meta":{"_acf_changed":false,"_seopress_robots_primary_cat":"","_seopress_titles_title":"Soluciones de software para impresores de envases flexibles - optimizaci\u00f3n de flujos de trabajo de preimpresi\u00f3n e impresi\u00f3n %%sep%% %%sitetitle%%","_seopress_titles_desc":"Descubra c\u00f3mo las herramientas innovadoras de HYBRID Software, incluyendo PACKZ y CLOUDFLOW, mejoran la eficiencia y reducen el tiempo de comercializaci\u00f3n para los impresores de envases flexibles mediante la automatizaci\u00f3n de los procesos de preimpresi\u00f3n y la integraci\u00f3n perfecta con los sistemas existentes.","_seopress_robots_index":"","footnotes":""},"class_list":["post-45613","page","type-page","status-publish","hentry"],"acf":[],"_links":{"self":[{"href":"https:\/\/hybridsoftware.com\/es\/wp-json\/wp\/v2\/pages\/45613","targetHints":{"allow":["GET"]}}],"collection":[{"href":"https:\/\/hybridsoftware.com\/es\/wp-json\/wp\/v2\/pages"}],"about":[{"href":"https:\/\/hybridsoftware.com\/es\/wp-json\/wp\/v2\/types\/page"}],"author":[{"embeddable":true,"href":"https:\/\/hybridsoftware.com\/es\/wp-json\/wp\/v2\/users\/1"}],"replies":[{"embeddable":true,"href":"https:\/\/hybridsoftware.com\/es\/wp-json\/wp\/v2\/comments?post=45613"}],"version-history":[{"count":0,"href":"https:\/\/hybridsoftware.com\/es\/wp-json\/wp\/v2\/pages\/45613\/revisions"}],"wp:attachment":[{"href":"https:\/\/hybridsoftware.com\/es\/wp-json\/wp\/v2\/media?parent=45613"}],"curies":[{"name":"wp","href":"https:\/\/api.w.org\/{rel}","templated":true}]}}