{"id":45612,"date":"2024-12-02T15:51:29","date_gmt":"2024-12-02T14:51:29","guid":{"rendered":"https:\/\/hybridsoftware.com\/lograr-la-automatizacion-del-flujo-de-trabajo-de-impresion\/"},"modified":"2025-06-19T12:55:55","modified_gmt":"2025-06-19T10:55:55","slug":"lograr-la-automatizacion-del-flujo-de-trabajo-de-impresion","status":"publish","type":"page","link":"https:\/\/hybridsoftware.com\/es\/lograr-la-automatizacion-del-flujo-de-trabajo-de-impresion\/","title":{"rendered":"Automatizaci\u00f3n del flujo de trabajo de impresi\u00f3n"},"content":{"rendered":"","protected":false},"excerpt":{"rendered":"","protected":false},"author":1,"featured_media":0,"parent":0,"menu_order":6,"comment_status":"closed","ping_status":"closed","template":"","meta":{"_acf_changed":false,"_seopress_robots_primary_cat":"","_seopress_titles_title":"Logre la automatizaci\u00f3n del flujo de trabajo de impresi\u00f3n y optimice su producci\u00f3n %%sep%% %%sitetitle%%","_seopress_titles_desc":"Descubra c\u00f3mo las soluciones de HYBRID Software pueden ayudarle a automatizar sus flujos de trabajo de impresi\u00f3n, reduciendo costos, optimizando procesos y acelerando los tiempos de entrega.","_seopress_robots_index":"","footnotes":""},"class_list":["post-45612","page","type-page","status-publish","hentry"],"acf":[],"_links":{"self":[{"href":"https:\/\/hybridsoftware.com\/es\/wp-json\/wp\/v2\/pages\/45612","targetHints":{"allow":["GET"]}}],"collection":[{"href":"https:\/\/hybridsoftware.com\/es\/wp-json\/wp\/v2\/pages"}],"about":[{"href":"https:\/\/hybridsoftware.com\/es\/wp-json\/wp\/v2\/types\/page"}],"author":[{"embeddable":true,"href":"https:\/\/hybridsoftware.com\/es\/wp-json\/wp\/v2\/users\/1"}],"replies":[{"embeddable":true,"href":"https:\/\/hybridsoftware.com\/es\/wp-json\/wp\/v2\/comments?post=45612"}],"version-history":[{"count":0,"href":"https:\/\/hybridsoftware.com\/es\/wp-json\/wp\/v2\/pages\/45612\/revisions"}],"wp:attachment":[{"href":"https:\/\/hybridsoftware.com\/es\/wp-json\/wp\/v2\/media?parent=45612"}],"curies":[{"name":"wp","href":"https:\/\/api.w.org\/{rel}","templated":true}]}}