{"id":45611,"date":"2024-12-02T15:42:33","date_gmt":"2024-12-02T14:42:33","guid":{"rendered":"https:\/\/hybridsoftware.com\/optimice-el-proceso-de-diseno-con-3d\/"},"modified":"2025-08-04T17:01:24","modified_gmt":"2025-08-04T15:01:24","slug":"optimice-el-proceso-de-diseno-con-3d","status":"publish","type":"page","link":"https:\/\/hybridsoftware.com\/es\/optimice-el-proceso-de-diseno-con-3d\/","title":{"rendered":"Agilice el proceso de dise\u00f1o con 3D"},"content":{"rendered":"","protected":false},"excerpt":{"rendered":"","protected":false},"author":1,"featured_media":0,"parent":0,"menu_order":5,"comment_status":"closed","ping_status":"closed","template":"","meta":{"_acf_changed":false,"_seopress_robots_primary_cat":"","_seopress_titles_title":"Optimice su proceso de dise\u00f1o con soluciones de visualizaci\u00f3n 3D %%sep%% %%sitetitle%%","_seopress_titles_desc":"Descubra c\u00f3mo la integraci\u00f3n de herramientas de visualizaci\u00f3n 3D en su flujo de trabajo de dise\u00f1o puede mejorar la eficiencia, reducir errores y acelerar el tiempo de comercializaci\u00f3n de sus proyectos de embalaje.","_seopress_robots_index":"","footnotes":""},"class_list":["post-45611","page","type-page","status-publish","hentry"],"acf":[],"_links":{"self":[{"href":"https:\/\/hybridsoftware.com\/es\/wp-json\/wp\/v2\/pages\/45611","targetHints":{"allow":["GET"]}}],"collection":[{"href":"https:\/\/hybridsoftware.com\/es\/wp-json\/wp\/v2\/pages"}],"about":[{"href":"https:\/\/hybridsoftware.com\/es\/wp-json\/wp\/v2\/types\/page"}],"author":[{"embeddable":true,"href":"https:\/\/hybridsoftware.com\/es\/wp-json\/wp\/v2\/users\/1"}],"replies":[{"embeddable":true,"href":"https:\/\/hybridsoftware.com\/es\/wp-json\/wp\/v2\/comments?post=45611"}],"version-history":[{"count":0,"href":"https:\/\/hybridsoftware.com\/es\/wp-json\/wp\/v2\/pages\/45611\/revisions"}],"wp:attachment":[{"href":"https:\/\/hybridsoftware.com\/es\/wp-json\/wp\/v2\/media?parent=45611"}],"curies":[{"name":"wp","href":"https:\/\/api.w.org\/{rel}","templated":true}]}}