{"id":45610,"date":"2024-12-02T15:32:22","date_gmt":"2024-12-02T14:32:22","guid":{"rendered":"https:\/\/hybridsoftware.com\/combinar-impresion-digital-y-convencional\/"},"modified":"2025-06-19T12:09:10","modified_gmt":"2025-06-19T10:09:10","slug":"combinar-impresion-digital-y-convencional","status":"publish","type":"page","link":"https:\/\/hybridsoftware.com\/es\/combinar-impresion-digital-y-convencional\/","title":{"rendered":"Combinaci\u00f3n de impresi\u00f3n digital y convencional"},"content":{"rendered":"","protected":false},"excerpt":{"rendered":"","protected":false},"author":1,"featured_media":0,"parent":0,"menu_order":4,"comment_status":"closed","ping_status":"closed","template":"","meta":{"_acf_changed":false,"_seopress_robots_primary_cat":"","_seopress_titles_title":"Combine a la perfecci\u00f3n la impresi\u00f3n digital y la convencional con el software HYBRID %%sep%% %%sitetitle%%","_seopress_titles_desc":"Descubra c\u00f3mo las soluciones de HYBRID Software permiten la integraci\u00f3n de tecnolog\u00edas de impresi\u00f3n digital y convencional, optimizando su producci\u00f3n de impresi\u00f3n para obtener flexibilidad y eficiencia.","_seopress_robots_index":"","footnotes":""},"class_list":["post-45610","page","type-page","status-publish","hentry"],"acf":[],"_links":{"self":[{"href":"https:\/\/hybridsoftware.com\/es\/wp-json\/wp\/v2\/pages\/45610","targetHints":{"allow":["GET"]}}],"collection":[{"href":"https:\/\/hybridsoftware.com\/es\/wp-json\/wp\/v2\/pages"}],"about":[{"href":"https:\/\/hybridsoftware.com\/es\/wp-json\/wp\/v2\/types\/page"}],"author":[{"embeddable":true,"href":"https:\/\/hybridsoftware.com\/es\/wp-json\/wp\/v2\/users\/1"}],"replies":[{"embeddable":true,"href":"https:\/\/hybridsoftware.com\/es\/wp-json\/wp\/v2\/comments?post=45610"}],"version-history":[{"count":0,"href":"https:\/\/hybridsoftware.com\/es\/wp-json\/wp\/v2\/pages\/45610\/revisions"}],"wp:attachment":[{"href":"https:\/\/hybridsoftware.com\/es\/wp-json\/wp\/v2\/media?parent=45610"}],"curies":[{"name":"wp","href":"https:\/\/api.w.org\/{rel}","templated":true}]}}