{"id":45608,"date":"2024-11-18T10:05:33","date_gmt":"2024-11-18T09:05:33","guid":{"rendered":"https:\/\/hybridsoftware.com\/impresoras-de-etiquetas-y-tags\/"},"modified":"2026-03-25T17:15:56","modified_gmt":"2026-03-25T16:15:56","slug":"impresoras-de-etiquetas-y-tags","status":"publish","type":"page","link":"https:\/\/hybridsoftware.com\/es\/impresoras-de-etiquetas-y-tags\/","title":{"rendered":"Impresoras de etiquetas y tags"},"content":{"rendered":"","protected":false},"excerpt":{"rendered":"","protected":false},"author":1,"featured_media":0,"parent":0,"menu_order":1,"comment_status":"closed","ping_status":"closed","template":"","meta":{"_acf_changed":false,"_seopress_robots_primary_cat":"","_seopress_titles_title":"Soluciones de software para impresoras de etiquetas y r\u00f3tulos %%sep%% %%sitetitle%%","_seopress_titles_desc":"Explore las soluciones innovadoras de HYBRID Software dise\u00f1adas para impresoras de etiquetas y r\u00f3tulos, concebidas para reducir costos, optimizar procesos y acelerar los tiempos de entrega en preimpresi\u00f3n y producci\u00f3n de impresi\u00f3n.","_seopress_robots_index":"","footnotes":""},"class_list":["post-45608","page","type-page","status-publish","hentry"],"acf":[],"_links":{"self":[{"href":"https:\/\/hybridsoftware.com\/es\/wp-json\/wp\/v2\/pages\/45608","targetHints":{"allow":["GET"]}}],"collection":[{"href":"https:\/\/hybridsoftware.com\/es\/wp-json\/wp\/v2\/pages"}],"about":[{"href":"https:\/\/hybridsoftware.com\/es\/wp-json\/wp\/v2\/types\/page"}],"author":[{"embeddable":true,"href":"https:\/\/hybridsoftware.com\/es\/wp-json\/wp\/v2\/users\/1"}],"replies":[{"embeddable":true,"href":"https:\/\/hybridsoftware.com\/es\/wp-json\/wp\/v2\/comments?post=45608"}],"version-history":[{"count":1,"href":"https:\/\/hybridsoftware.com\/es\/wp-json\/wp\/v2\/pages\/45608\/revisions"}],"predecessor-version":[{"id":57362,"href":"https:\/\/hybridsoftware.com\/es\/wp-json\/wp\/v2\/pages\/45608\/revisions\/57362"}],"wp:attachment":[{"href":"https:\/\/hybridsoftware.com\/es\/wp-json\/wp\/v2\/media?parent=45608"}],"curies":[{"name":"wp","href":"https:\/\/api.w.org\/{rel}","templated":true}]}}