{"id":45607,"date":"2024-10-23T15:17:55","date_gmt":"2024-10-23T13:17:55","guid":{"rendered":"https:\/\/hybridsoftware.com\/consultoria\/"},"modified":"2026-04-09T17:57:01","modified_gmt":"2026-04-09T15:57:01","slug":"consultoria","status":"publish","type":"page","link":"https:\/\/hybridsoftware.com\/es\/consultoria\/","title":{"rendered":"Consultor\u00eda"},"content":{"rendered":"","protected":false},"excerpt":{"rendered":"","protected":false},"author":1,"featured_media":0,"parent":0,"menu_order":109,"comment_status":"closed","ping_status":"closed","template":"","meta":{"_acf_changed":false,"_seopress_robots_primary_cat":"","_seopress_titles_title":"Expert Guidance for Optimizing Print Workflows with HYBRID Software Consultancy %%sep%% %%sitetitle%%","_seopress_titles_desc":"Aproveche los servicios de consultor\u00eda de HYBRID Software para mejorar sus procesos de producci\u00f3n de impresi\u00f3n. Nuestros expertos ofrecen soluciones personalizadas para optimizar los flujos de trabajo, reducir costes y mejorar la eficiencia en la industria de las artes gr\u00e1ficas. ","_seopress_robots_index":"","footnotes":""},"class_list":["post-45607","page","type-page","status-publish","hentry"],"acf":[],"_links":{"self":[{"href":"https:\/\/hybridsoftware.com\/es\/wp-json\/wp\/v2\/pages\/45607","targetHints":{"allow":["GET"]}}],"collection":[{"href":"https:\/\/hybridsoftware.com\/es\/wp-json\/wp\/v2\/pages"}],"about":[{"href":"https:\/\/hybridsoftware.com\/es\/wp-json\/wp\/v2\/types\/page"}],"author":[{"embeddable":true,"href":"https:\/\/hybridsoftware.com\/es\/wp-json\/wp\/v2\/users\/1"}],"replies":[{"embeddable":true,"href":"https:\/\/hybridsoftware.com\/es\/wp-json\/wp\/v2\/comments?post=45607"}],"version-history":[{"count":1,"href":"https:\/\/hybridsoftware.com\/es\/wp-json\/wp\/v2\/pages\/45607\/revisions"}],"predecessor-version":[{"id":57782,"href":"https:\/\/hybridsoftware.com\/es\/wp-json\/wp\/v2\/pages\/45607\/revisions\/57782"}],"wp:attachment":[{"href":"https:\/\/hybridsoftware.com\/es\/wp-json\/wp\/v2\/media?parent=45607"}],"curies":[{"name":"wp","href":"https:\/\/api.w.org\/{rel}","templated":true}]}}