{"id":45605,"date":"2024-09-19T12:38:09","date_gmt":"2024-09-19T10:38:09","guid":{"rendered":"https:\/\/hybridsoftware.com\/pagina-de-inicio\/"},"modified":"2026-03-24T15:47:06","modified_gmt":"2026-03-24T14:47:06","slug":"pagina-de-inicio","status":"publish","type":"page","link":"https:\/\/hybridsoftware.com\/es\/","title":{"rendered":"P\u00e1gina de Inicio"},"content":{"rendered":"","protected":false},"excerpt":{"rendered":"","protected":false},"author":2,"featured_media":50109,"parent":0,"menu_order":104,"comment_status":"closed","ping_status":"closed","template":"","meta":{"_acf_changed":false,"_seopress_robots_primary_cat":"","_seopress_titles_title":"Soluciones de flujo de trabajo innovadoras para la industria de la impresi\u00f3n %%sep%% %%sitetitle%%","_seopress_titles_desc":"Descubra HYBRID Software, l\u00edder mundial en soluciones de flujo de trabajo de preimpresi\u00f3n para envases, etiquetas e impresi\u00f3n digital. Software m\u00e1s inteligente para una producci\u00f3n de impresi\u00f3n eficiente. ","_seopress_robots_index":"","footnotes":""},"class_list":["post-45605","page","type-page","status-publish","has-post-thumbnail","hentry"],"acf":[],"_links":{"self":[{"href":"https:\/\/hybridsoftware.com\/es\/wp-json\/wp\/v2\/pages\/45605","targetHints":{"allow":["GET"]}}],"collection":[{"href":"https:\/\/hybridsoftware.com\/es\/wp-json\/wp\/v2\/pages"}],"about":[{"href":"https:\/\/hybridsoftware.com\/es\/wp-json\/wp\/v2\/types\/page"}],"author":[{"embeddable":true,"href":"https:\/\/hybridsoftware.com\/es\/wp-json\/wp\/v2\/users\/2"}],"replies":[{"embeddable":true,"href":"https:\/\/hybridsoftware.com\/es\/wp-json\/wp\/v2\/comments?post=45605"}],"version-history":[{"count":6,"href":"https:\/\/hybridsoftware.com\/es\/wp-json\/wp\/v2\/pages\/45605\/revisions"}],"predecessor-version":[{"id":56032,"href":"https:\/\/hybridsoftware.com\/es\/wp-json\/wp\/v2\/pages\/45605\/revisions\/56032"}],"wp:featuredmedia":[{"embeddable":true,"href":"https:\/\/hybridsoftware.com\/es\/wp-json\/wp\/v2\/media\/50109"}],"wp:attachment":[{"href":"https:\/\/hybridsoftware.com\/es\/wp-json\/wp\/v2\/media?parent=45605"}],"curies":[{"name":"wp","href":"https:\/\/api.w.org\/{rel}","templated":true}]}}