{"id":45604,"date":"2024-09-18T17:36:11","date_gmt":"2024-09-18T15:36:11","guid":{"rendered":"https:\/\/hybridsoftware.com\/oem-e-isv-de-impresion\/"},"modified":"2025-11-05T15:40:07","modified_gmt":"2025-11-05T14:40:07","slug":"oem-e-isv-de-impresion","status":"publish","type":"page","link":"https:\/\/hybridsoftware.com\/es\/oem-e-isv-de-impresion\/","title":{"rendered":"OEM e ISV de impresi\u00f3n"},"content":{"rendered":"","protected":false},"excerpt":{"rendered":"","protected":false},"author":2,"featured_media":0,"parent":0,"menu_order":8,"comment_status":"closed","ping_status":"closed","template":"","meta":{"_acf_changed":false,"_seopress_robots_primary_cat":"","_seopress_titles_title":"Soluciones de software para fabricantes de equipos originales (OEM) e integradores de sistemas independientes (ISV) del sector de la impresi\u00f3n: impulsando la innovaci\u00f3n en la impresi\u00f3n industrial. %%sep%% %%sitetitle%%","_seopress_titles_desc":"Explore las soluciones avanzadas de HYBRID Software dise\u00f1adas espec\u00edficamente para fabricantes de equipos originales (OEM) y proveedores de software independientes (ISV) del sector de la impresi\u00f3n, entre las que se incluyen SmartDFE\u2122, un completo front-end digital para prensas de inyecci\u00f3n de tinta de alta velocidad y un solo paso, y un conjunto de SDK dise\u00f1ados para mejorar y optimizar los flujos de trabajo de impresi\u00f3n industrial.","_seopress_robots_index":"","footnotes":""},"class_list":["post-45604","page","type-page","status-publish","hentry"],"acf":[],"_links":{"self":[{"href":"https:\/\/hybridsoftware.com\/es\/wp-json\/wp\/v2\/pages\/45604","targetHints":{"allow":["GET"]}}],"collection":[{"href":"https:\/\/hybridsoftware.com\/es\/wp-json\/wp\/v2\/pages"}],"about":[{"href":"https:\/\/hybridsoftware.com\/es\/wp-json\/wp\/v2\/types\/page"}],"author":[{"embeddable":true,"href":"https:\/\/hybridsoftware.com\/es\/wp-json\/wp\/v2\/users\/2"}],"replies":[{"embeddable":true,"href":"https:\/\/hybridsoftware.com\/es\/wp-json\/wp\/v2\/comments?post=45604"}],"version-history":[{"count":1,"href":"https:\/\/hybridsoftware.com\/es\/wp-json\/wp\/v2\/pages\/45604\/revisions"}],"predecessor-version":[{"id":55527,"href":"https:\/\/hybridsoftware.com\/es\/wp-json\/wp\/v2\/pages\/45604\/revisions\/55527"}],"wp:attachment":[{"href":"https:\/\/hybridsoftware.com\/es\/wp-json\/wp\/v2\/media?parent=45604"}],"curies":[{"name":"wp","href":"https:\/\/api.w.org\/{rel}","templated":true}]}}