{"id":45483,"date":"2024-07-08T17:01:55","date_gmt":"2024-07-08T15:01:55","guid":{"rendered":"https:\/\/hybridsoftware.com\/packz\/"},"modified":"2025-11-21T11:08:53","modified_gmt":"2025-11-21T10:08:53","slug":"packz","status":"publish","type":"page","link":"https:\/\/hybridsoftware.com\/es\/packz\/","title":{"rendered":"PACKZ"},"content":{"rendered":"","protected":false},"excerpt":{"rendered":"","protected":false},"author":1,"featured_media":52034,"parent":0,"menu_order":101,"comment_status":"closed","ping_status":"closed","template":"","meta":{"_acf_changed":false,"_seopress_robots_primary_cat":"","_seopress_titles_title":"PACKZ, Editor Profesional de PDF para Producci\u00f3n de Etiquetas y Packaging %%sep%% %%sitetitle%%","_seopress_titles_desc":"Descubre PACKZ, un completo editor de PDF que ofrece herramientas avanzadas de preimpresi\u00f3n para la producci\u00f3n de etiquetas y packaging, compatible con m\u00e9todos de impresi\u00f3n tanto digitales como convencionales.","_seopress_robots_index":"","footnotes":""},"class_list":["post-45483","page","type-page","status-publish","has-post-thumbnail","hentry"],"acf":[],"_links":{"self":[{"href":"https:\/\/hybridsoftware.com\/es\/wp-json\/wp\/v2\/pages\/45483","targetHints":{"allow":["GET"]}}],"collection":[{"href":"https:\/\/hybridsoftware.com\/es\/wp-json\/wp\/v2\/pages"}],"about":[{"href":"https:\/\/hybridsoftware.com\/es\/wp-json\/wp\/v2\/types\/page"}],"author":[{"embeddable":true,"href":"https:\/\/hybridsoftware.com\/es\/wp-json\/wp\/v2\/users\/1"}],"replies":[{"embeddable":true,"href":"https:\/\/hybridsoftware.com\/es\/wp-json\/wp\/v2\/comments?post=45483"}],"version-history":[{"count":1,"href":"https:\/\/hybridsoftware.com\/es\/wp-json\/wp\/v2\/pages\/45483\/revisions"}],"predecessor-version":[{"id":55744,"href":"https:\/\/hybridsoftware.com\/es\/wp-json\/wp\/v2\/pages\/45483\/revisions\/55744"}],"wp:featuredmedia":[{"embeddable":true,"href":"https:\/\/hybridsoftware.com\/es\/wp-json\/wp\/v2\/media\/52034"}],"wp:attachment":[{"href":"https:\/\/hybridsoftware.com\/es\/wp-json\/wp\/v2\/media?parent=45483"}],"curies":[{"name":"wp","href":"https:\/\/api.w.org\/{rel}","templated":true}]}}