{"id":45470,"date":"2024-10-30T08:55:32","date_gmt":"2024-10-30T07:55:32","guid":{"rendered":"https:\/\/hybridsoftware.com\/apoyo-de-packz\/"},"modified":"2025-07-22T12:02:26","modified_gmt":"2025-07-22T10:02:26","slug":"apoyo-de-packz","status":"publish","type":"page","link":"https:\/\/hybridsoftware.com\/es\/packz\/apoyo-de-packz\/","title":{"rendered":"Soporte de PACKZ"},"content":{"rendered":"","protected":false},"excerpt":{"rendered":"","protected":false},"author":1,"featured_media":52034,"parent":45483,"menu_order":3,"comment_status":"closed","ping_status":"closed","template":"","meta":{"_acf_changed":false,"_seopress_robots_primary_cat":"","_seopress_titles_title":"PACKZ Support - Asistencia experta para profesionales de la preimpresi\u00f3n de envases %%sep%% %%sitetitle%%","_seopress_titles_desc":"Acceda a soporte dedicado para PACKZ by HYBRID Software, incluyendo asistencia t\u00e9cnica, gu\u00edas de soluci\u00f3n de problemas y recursos para optimizar sus flujos de trabajo de producci\u00f3n de envases y etiquetas.","_seopress_robots_index":"","footnotes":""},"class_list":["post-45470","page","type-page","status-publish","has-post-thumbnail","hentry"],"acf":[],"_links":{"self":[{"href":"https:\/\/hybridsoftware.com\/es\/wp-json\/wp\/v2\/pages\/45470","targetHints":{"allow":["GET"]}}],"collection":[{"href":"https:\/\/hybridsoftware.com\/es\/wp-json\/wp\/v2\/pages"}],"about":[{"href":"https:\/\/hybridsoftware.com\/es\/wp-json\/wp\/v2\/types\/page"}],"author":[{"embeddable":true,"href":"https:\/\/hybridsoftware.com\/es\/wp-json\/wp\/v2\/users\/1"}],"replies":[{"embeddable":true,"href":"https:\/\/hybridsoftware.com\/es\/wp-json\/wp\/v2\/comments?post=45470"}],"version-history":[{"count":0,"href":"https:\/\/hybridsoftware.com\/es\/wp-json\/wp\/v2\/pages\/45470\/revisions"}],"up":[{"embeddable":true,"href":"https:\/\/hybridsoftware.com\/es\/wp-json\/wp\/v2\/pages\/45483"}],"wp:featuredmedia":[{"embeddable":true,"href":"https:\/\/hybridsoftware.com\/es\/wp-json\/wp\/v2\/media\/52034"}],"wp:attachment":[{"href":"https:\/\/hybridsoftware.com\/es\/wp-json\/wp\/v2\/media?parent=45470"}],"curies":[{"name":"wp","href":"https:\/\/api.w.org\/{rel}","templated":true}]}}