{"id":58137,"date":"2026-05-08T19:11:25","date_gmt":"2026-05-08T17:11:25","guid":{"rendered":"https:\/\/hybridsoftware.com\/automatisieren-sie-die-barcode-serialisierung-fuer-amazon-transparency\/"},"modified":"2026-05-08T19:11:25","modified_gmt":"2026-05-08T17:11:25","slug":"automatisieren-sie-die-barcode-serialisierung-fuer-amazon-transparency","status":"publish","type":"page","link":"https:\/\/hybridsoftware.com\/de\/automatisieren-sie-die-barcode-serialisierung-fuer-amazon-transparency\/","title":{"rendered":"Automatisieren Sie die Barcode-Serialisierung f\u00fcr Amazon Transparency"},"content":{"rendered":"","protected":false},"excerpt":{"rendered":"","protected":false},"author":2,"featured_media":0,"parent":0,"menu_order":109,"comment_status":"closed","ping_status":"closed","template":"","meta":{"_acf_changed":false,"_seopress_robots_primary_cat":"","_seopress_titles_title":"Automatisieren Sie die Barcode-Serialisierung f\u00fcr Amazon Transparency","_seopress_titles_desc":"\u00dcbernehmen Sie mit Hybrid Software die Kontrolle \u00fcber Ihre Barcode-Serialisierung f\u00fcr Amazon Transparency und GS1 Sunrise. Durch unsere robuste Produktlinie f\u00fcr artwork-Management, Druckvorstufe und Produktionsworkflow lassen sich Amazon Transparency-Barcodes nahtlos auf Unternehmensebene generieren, verwalten und drucken.","_seopress_robots_index":"","footnotes":""},"class_list":["post-58137","page","type-page","status-publish","hentry"],"acf":[],"_links":{"self":[{"href":"https:\/\/hybridsoftware.com\/de\/wp-json\/wp\/v2\/pages\/58137","targetHints":{"allow":["GET"]}}],"collection":[{"href":"https:\/\/hybridsoftware.com\/de\/wp-json\/wp\/v2\/pages"}],"about":[{"href":"https:\/\/hybridsoftware.com\/de\/wp-json\/wp\/v2\/types\/page"}],"author":[{"embeddable":true,"href":"https:\/\/hybridsoftware.com\/de\/wp-json\/wp\/v2\/users\/2"}],"replies":[{"embeddable":true,"href":"https:\/\/hybridsoftware.com\/de\/wp-json\/wp\/v2\/comments?post=58137"}],"version-history":[{"count":0,"href":"https:\/\/hybridsoftware.com\/de\/wp-json\/wp\/v2\/pages\/58137\/revisions"}],"wp:attachment":[{"href":"https:\/\/hybridsoftware.com\/de\/wp-json\/wp\/v2\/media?parent=58137"}],"curies":[{"name":"wp","href":"https:\/\/api.w.org\/{rel}","templated":true}]}}