{"id":57098,"date":"2026-02-13T19:05:48","date_gmt":"2026-02-13T18:05:48","guid":{"rendered":"https:\/\/hybridsoftware.com\/jaimes\/"},"modified":"2026-03-23T17:18:55","modified_gmt":"2026-03-23T16:18:55","slug":"jaimes","status":"publish","type":"page","link":"https:\/\/hybridsoftware.com\/de\/jaimes\/","title":{"rendered":"jAImes"},"content":{"rendered":"","protected":false},"excerpt":{"rendered":"","protected":false},"author":2,"featured_media":52032,"parent":0,"menu_order":101,"comment_status":"closed","ping_status":"closed","template":"","meta":{"_acf_changed":false,"_seopress_robots_primary_cat":"","_seopress_titles_title":"jAImes \u2013 KI-gest\u00fctzte Automatisierung f\u00fcr Druck- und Verpackungsprozesse","_seopress_titles_desc":"jAImes agiert als KI-Agent, der zwischen Ihrem \u00fcberf\u00fcllten Postfach und Ihrem perfekt synchronisierten Workflow sitzt. Es verarbeitet intelligent komplexe Nachrichten und Anh\u00e4nge verschiedenster Formate, extrahiert Daten und verbessert deren Qualit\u00e4t, um die erforderlichen Standards f\u00fcr Ihr logikbasiertes ERP und Ihr internes Workflow-Portal zu erf\u00fcllen.","_seopress_robots_index":"","footnotes":""},"class_list":["post-57098","page","type-page","status-publish","has-post-thumbnail","hentry"],"acf":[],"_links":{"self":[{"href":"https:\/\/hybridsoftware.com\/de\/wp-json\/wp\/v2\/pages\/57098","targetHints":{"allow":["GET"]}}],"collection":[{"href":"https:\/\/hybridsoftware.com\/de\/wp-json\/wp\/v2\/pages"}],"about":[{"href":"https:\/\/hybridsoftware.com\/de\/wp-json\/wp\/v2\/types\/page"}],"author":[{"embeddable":true,"href":"https:\/\/hybridsoftware.com\/de\/wp-json\/wp\/v2\/users\/2"}],"replies":[{"embeddable":true,"href":"https:\/\/hybridsoftware.com\/de\/wp-json\/wp\/v2\/comments?post=57098"}],"version-history":[{"count":1,"href":"https:\/\/hybridsoftware.com\/de\/wp-json\/wp\/v2\/pages\/57098\/revisions"}],"predecessor-version":[{"id":57108,"href":"https:\/\/hybridsoftware.com\/de\/wp-json\/wp\/v2\/pages\/57098\/revisions\/57108"}],"wp:featuredmedia":[{"embeddable":true,"href":"https:\/\/hybridsoftware.com\/de\/wp-json\/wp\/v2\/media\/52032"}],"wp:attachment":[{"href":"https:\/\/hybridsoftware.com\/de\/wp-json\/wp\/v2\/media?parent=57098"}],"curies":[{"name":"wp","href":"https:\/\/api.w.org\/{rel}","templated":true}]}}