{"id":47125,"date":"2025-02-24T10:11:59","date_gmt":"2025-02-24T09:11:59","guid":{"rendered":"https:\/\/hybridsoftware.com\/referenzen-2\/"},"modified":"2025-05-15T10:36:09","modified_gmt":"2025-05-15T08:36:09","slug":"testimonials","status":"publish","type":"page","link":"https:\/\/hybridsoftware.com\/de\/testimonials\/","title":{"rendered":"Testimonials"},"content":{"rendered":"","protected":false},"excerpt":{"rendered":"","protected":false},"author":1,"featured_media":0,"parent":0,"menu_order":131,"comment_status":"closed","ping_status":"closed","template":"","meta":{"_acf_changed":false,"_seopress_robots_primary_cat":"","_seopress_titles_title":"Testimonials: Erfahren Sie mehr von unseren zufriedenen Kunden %%sep%% %%sitetitle%%","_seopress_titles_desc":"Erkunden Sie Testimonials von HYBRID Softwares globalen Kunden, die zeigen, wie unsere innovativen L\u00f6sungen ihre Vorstufen- und Druckabl\u00e4ufe verbessert, die Effizienz gesteigert und au\u00dfergew\u00f6hnliche Ergebnisse erzielt haben.","_seopress_robots_index":"","footnotes":""},"class_list":["post-47125","page","type-page","status-publish","hentry"],"acf":[],"_links":{"self":[{"href":"https:\/\/hybridsoftware.com\/de\/wp-json\/wp\/v2\/pages\/47125","targetHints":{"allow":["GET"]}}],"collection":[{"href":"https:\/\/hybridsoftware.com\/de\/wp-json\/wp\/v2\/pages"}],"about":[{"href":"https:\/\/hybridsoftware.com\/de\/wp-json\/wp\/v2\/types\/page"}],"author":[{"embeddable":true,"href":"https:\/\/hybridsoftware.com\/de\/wp-json\/wp\/v2\/users\/1"}],"replies":[{"embeddable":true,"href":"https:\/\/hybridsoftware.com\/de\/wp-json\/wp\/v2\/comments?post=47125"}],"version-history":[{"count":0,"href":"https:\/\/hybridsoftware.com\/de\/wp-json\/wp\/v2\/pages\/47125\/revisions"}],"wp:attachment":[{"href":"https:\/\/hybridsoftware.com\/de\/wp-json\/wp\/v2\/media?parent=47125"}],"curies":[{"name":"wp","href":"https:\/\/api.w.org\/{rel}","templated":true}]}}