{"id":47124,"date":"2025-01-24T20:08:34","date_gmt":"2025-01-24T19:08:34","guid":{"rendered":"https:\/\/hybridsoftware.com\/referenzen\/"},"modified":"2025-01-24T20:08:34","modified_gmt":"2025-01-24T19:08:34","slug":"referenzen","status":"publish","type":"page","link":"https:\/\/hybridsoftware.com\/de\/referenzen\/","title":{"rendered":"Referenzen"},"content":{"rendered":"","protected":false},"excerpt":{"rendered":"","protected":false},"author":2,"featured_media":0,"parent":0,"menu_order":127,"comment_status":"closed","ping_status":"closed","template":"","meta":{"_acf_changed":false,"_seopress_robots_primary_cat":"","_seopress_titles_title":"Referenzen und Fallstudien von HYBRID Software-Kunden","_seopress_titles_desc":"Erkunden Sie Referenzen und Fallstudien von zufriedenen Kunden weltweit, die ihre Produktivit\u00e4t und Rentabilit\u00e4t durch den Einsatz der innovativen L\u00f6sungen von HYBRID Software gesteigert haben.","_seopress_robots_index":"","footnotes":""},"class_list":["post-47124","page","type-page","status-publish","hentry"],"acf":[],"_links":{"self":[{"href":"https:\/\/hybridsoftware.com\/de\/wp-json\/wp\/v2\/pages\/47124","targetHints":{"allow":["GET"]}}],"collection":[{"href":"https:\/\/hybridsoftware.com\/de\/wp-json\/wp\/v2\/pages"}],"about":[{"href":"https:\/\/hybridsoftware.com\/de\/wp-json\/wp\/v2\/types\/page"}],"author":[{"embeddable":true,"href":"https:\/\/hybridsoftware.com\/de\/wp-json\/wp\/v2\/users\/2"}],"replies":[{"embeddable":true,"href":"https:\/\/hybridsoftware.com\/de\/wp-json\/wp\/v2\/comments?post=47124"}],"version-history":[{"count":0,"href":"https:\/\/hybridsoftware.com\/de\/wp-json\/wp\/v2\/pages\/47124\/revisions"}],"wp:attachment":[{"href":"https:\/\/hybridsoftware.com\/de\/wp-json\/wp\/v2\/media?parent=47124"}],"curies":[{"name":"wp","href":"https:\/\/api.w.org\/{rel}","templated":true}]}}