{"id":46208,"date":"2024-12-23T14:17:03","date_gmt":"2024-12-23T13:17:03","guid":{"rendered":"https:\/\/hybridsoftware.com\/colorant\/colorant-eigenschaften\/"},"modified":"2025-04-15T18:05:45","modified_gmt":"2025-04-15T16:05:45","slug":"colorant-eigenschaften","status":"publish","type":"page","link":"https:\/\/hybridsoftware.com\/de\/colorant\/colorant-eigenschaften\/","title":{"rendered":"ColorAnt-Funktionen"},"content":{"rendered":"","protected":false},"excerpt":{"rendered":"","protected":false},"author":1,"featured_media":51996,"parent":46201,"menu_order":2,"comment_status":"closed","ping_status":"closed","template":"","meta":{"_acf_changed":false,"_seopress_robots_primary_cat":"","_seopress_titles_title":"ColorAnt-Funktionen \u2013 Umfassende Werkzeuge f\u00fcr Farbkorrektur und -optimierung %%sep%% %%sitetitle%%","_seopress_titles_desc":"Erkunden Sie die leistungsstarken Funktionen von ColorAnt von ColorLogic, die fortschrittliche Werkzeuge f\u00fcr Farbmessung, -korrektur und -optimierung bieten, um eine \u00fcberlegene Druckqualit\u00e4t zu gew\u00e4hrleisten.","_seopress_robots_index":"","footnotes":""},"class_list":["post-46208","page","type-page","status-publish","has-post-thumbnail","hentry"],"acf":[],"_links":{"self":[{"href":"https:\/\/hybridsoftware.com\/de\/wp-json\/wp\/v2\/pages\/46208","targetHints":{"allow":["GET"]}}],"collection":[{"href":"https:\/\/hybridsoftware.com\/de\/wp-json\/wp\/v2\/pages"}],"about":[{"href":"https:\/\/hybridsoftware.com\/de\/wp-json\/wp\/v2\/types\/page"}],"author":[{"embeddable":true,"href":"https:\/\/hybridsoftware.com\/de\/wp-json\/wp\/v2\/users\/1"}],"replies":[{"embeddable":true,"href":"https:\/\/hybridsoftware.com\/de\/wp-json\/wp\/v2\/comments?post=46208"}],"version-history":[{"count":0,"href":"https:\/\/hybridsoftware.com\/de\/wp-json\/wp\/v2\/pages\/46208\/revisions"}],"up":[{"embeddable":true,"href":"https:\/\/hybridsoftware.com\/de\/wp-json\/wp\/v2\/pages\/46201"}],"wp:featuredmedia":[{"embeddable":true,"href":"https:\/\/hybridsoftware.com\/de\/wp-json\/wp\/v2\/media\/51996"}],"wp:attachment":[{"href":"https:\/\/hybridsoftware.com\/de\/wp-json\/wp\/v2\/media?parent=46208"}],"curies":[{"name":"wp","href":"https:\/\/api.w.org\/{rel}","templated":true}]}}