{"id":46127,"date":"2025-02-25T17:37:27","date_gmt":"2025-02-25T16:37:27","guid":{"rendered":"https:\/\/hybridsoftware.com\/rip\/"},"modified":"2025-08-04T17:26:22","modified_gmt":"2025-08-04T15:26:22","slug":"rip","status":"publish","type":"page","link":"https:\/\/hybridsoftware.com\/de\/rip\/","title":{"rendered":"RIP"},"content":{"rendered":"","protected":false},"excerpt":{"rendered":"","protected":false},"author":2,"featured_media":52049,"parent":0,"menu_order":101,"comment_status":"closed","ping_status":"closed","template":"","meta":{"_acf_changed":false,"_seopress_robots_primary_cat":"","_seopress_titles_title":"Erzielen Sie un\u00fcbertroffene Geschwindigkeit mit High-Speed-RIP-Technologie","_seopress_titles_desc":"Erleben Sie un\u00fcbertroffene Geschwindigkeit und Kontrolle mit unserer schnellen, Multi-Thread-RIP-Technologie f\u00fcr jede Digitaldruckmaschine. Optimieren Sie Ihren Workflow mit der CLOUDFLOW-Integration.","_seopress_robots_index":"","footnotes":""},"class_list":["post-46127","page","type-page","status-publish","has-post-thumbnail","hentry"],"acf":[],"_links":{"self":[{"href":"https:\/\/hybridsoftware.com\/de\/wp-json\/wp\/v2\/pages\/46127","targetHints":{"allow":["GET"]}}],"collection":[{"href":"https:\/\/hybridsoftware.com\/de\/wp-json\/wp\/v2\/pages"}],"about":[{"href":"https:\/\/hybridsoftware.com\/de\/wp-json\/wp\/v2\/types\/page"}],"author":[{"embeddable":true,"href":"https:\/\/hybridsoftware.com\/de\/wp-json\/wp\/v2\/users\/2"}],"replies":[{"embeddable":true,"href":"https:\/\/hybridsoftware.com\/de\/wp-json\/wp\/v2\/comments?post=46127"}],"version-history":[{"count":0,"href":"https:\/\/hybridsoftware.com\/de\/wp-json\/wp\/v2\/pages\/46127\/revisions"}],"wp:featuredmedia":[{"embeddable":true,"href":"https:\/\/hybridsoftware.com\/de\/wp-json\/wp\/v2\/media\/52049"}],"wp:attachment":[{"href":"https:\/\/hybridsoftware.com\/de\/wp-json\/wp\/v2\/media?parent=46127"}],"curies":[{"name":"wp","href":"https:\/\/api.w.org\/{rel}","templated":true}]}}