{"id":46072,"date":"2025-02-26T18:00:30","date_gmt":"2025-02-26T17:00:30","guid":{"rendered":"https:\/\/hybridsoftware.com\/proofscope-unterstuetzung\/"},"modified":"2025-07-23T19:00:44","modified_gmt":"2025-07-23T17:00:44","slug":"kundenservice","status":"publish","type":"page","link":"https:\/\/hybridsoftware.com\/de\/proofscope\/kundenservice\/","title":{"rendered":"ProofScope-Unterst\u00fctzung"},"content":{"rendered":"","protected":false},"excerpt":{"rendered":"","protected":false},"author":2,"featured_media":52043,"parent":46076,"menu_order":3,"comment_status":"closed","ping_status":"closed","template":"","meta":{"_acf_changed":false,"_seopress_robots_primary_cat":"","_seopress_titles_title":"ProofScope-Unterst\u00fctzung \u2013 Fachkundige Assistenz f\u00fcr Online-Proofing und Zusammenarbeit %%sep%% %%sitetitle%%","_seopress_titles_desc":"Erhalten Sie dedizierte Unterst\u00fctzung f\u00fcr ProofScope von HYBRID Software, einschlie\u00dflich technischer Hilfestellung, Fehlerbehebungsleitf\u00e4den und Ressourcen zur Optimierung Ihrer Online-Proofing- und Kollaborations-Workflows.","_seopress_robots_index":"","footnotes":""},"class_list":["post-46072","page","type-page","status-publish","has-post-thumbnail","hentry"],"acf":[],"_links":{"self":[{"href":"https:\/\/hybridsoftware.com\/de\/wp-json\/wp\/v2\/pages\/46072","targetHints":{"allow":["GET"]}}],"collection":[{"href":"https:\/\/hybridsoftware.com\/de\/wp-json\/wp\/v2\/pages"}],"about":[{"href":"https:\/\/hybridsoftware.com\/de\/wp-json\/wp\/v2\/types\/page"}],"author":[{"embeddable":true,"href":"https:\/\/hybridsoftware.com\/de\/wp-json\/wp\/v2\/users\/2"}],"replies":[{"embeddable":true,"href":"https:\/\/hybridsoftware.com\/de\/wp-json\/wp\/v2\/comments?post=46072"}],"version-history":[{"count":0,"href":"https:\/\/hybridsoftware.com\/de\/wp-json\/wp\/v2\/pages\/46072\/revisions"}],"up":[{"embeddable":true,"href":"https:\/\/hybridsoftware.com\/de\/wp-json\/wp\/v2\/pages\/46076"}],"wp:featuredmedia":[{"embeddable":true,"href":"https:\/\/hybridsoftware.com\/de\/wp-json\/wp\/v2\/media\/52043"}],"wp:attachment":[{"href":"https:\/\/hybridsoftware.com\/de\/wp-json\/wp\/v2\/media?parent=46072"}],"curies":[{"name":"wp","href":"https:\/\/api.w.org\/{rel}","templated":true}]}}