{"id":46062,"date":"2025-02-20T18:31:30","date_gmt":"2025-02-20T17:31:30","guid":{"rendered":"https:\/\/hybridsoftware.com\/ic3d-verpackungsdesign-software\/ic3d-module\/"},"modified":"2025-05-29T11:08:34","modified_gmt":"2025-05-29T09:08:34","slug":"module","status":"publish","type":"page","link":"https:\/\/hybridsoftware.com\/de\/ic3d\/module\/","title":{"rendered":"iC3D Module"},"content":{"rendered":"","protected":false},"excerpt":{"rendered":"","protected":false},"author":2,"featured_media":52021,"parent":46053,"menu_order":1,"comment_status":"closed","ping_status":"closed","template":"","meta":{"_acf_changed":false,"_seopress_robots_primary_cat":"","_seopress_titles_title":"Erweitern Sie Ihre Verpackungsdesign-M\u00f6glichkeiten mit iC3D Modulen %%sep%% %%sitetitle%%","_seopress_titles_desc":"Erkunden Sie die vielf\u00e4ltigen Module von iC3D, die jeweils darauf ausgelegt sind, spezifische Aspekte des Verpackungsdesigns und der Visualisierung zu verbessern und ma\u00dfgeschneiderte L\u00f6sungen f\u00fcr Ihre einzigartigen Projektanforderungen zu bieten.","_seopress_robots_index":"","footnotes":""},"class_list":["post-46062","page","type-page","status-publish","has-post-thumbnail","hentry"],"acf":[],"_links":{"self":[{"href":"https:\/\/hybridsoftware.com\/de\/wp-json\/wp\/v2\/pages\/46062","targetHints":{"allow":["GET"]}}],"collection":[{"href":"https:\/\/hybridsoftware.com\/de\/wp-json\/wp\/v2\/pages"}],"about":[{"href":"https:\/\/hybridsoftware.com\/de\/wp-json\/wp\/v2\/types\/page"}],"author":[{"embeddable":true,"href":"https:\/\/hybridsoftware.com\/de\/wp-json\/wp\/v2\/users\/2"}],"replies":[{"embeddable":true,"href":"https:\/\/hybridsoftware.com\/de\/wp-json\/wp\/v2\/comments?post=46062"}],"version-history":[{"count":0,"href":"https:\/\/hybridsoftware.com\/de\/wp-json\/wp\/v2\/pages\/46062\/revisions"}],"up":[{"embeddable":true,"href":"https:\/\/hybridsoftware.com\/de\/wp-json\/wp\/v2\/pages\/46053"}],"wp:featuredmedia":[{"embeddable":true,"href":"https:\/\/hybridsoftware.com\/de\/wp-json\/wp\/v2\/media\/52021"}],"wp:attachment":[{"href":"https:\/\/hybridsoftware.com\/de\/wp-json\/wp\/v2\/media?parent=46062"}],"curies":[{"name":"wp","href":"https:\/\/api.w.org\/{rel}","templated":true}]}}