{"id":46053,"date":"2024-10-14T19:24:58","date_gmt":"2024-10-14T17:24:58","guid":{"rendered":"https:\/\/hybridsoftware.com\/ic3d-verpackungsdesign-software\/"},"modified":"2025-08-04T18:11:15","modified_gmt":"2025-08-04T16:11:15","slug":"ic3d","status":"publish","type":"page","link":"https:\/\/hybridsoftware.com\/de\/ic3d\/","title":{"rendered":"iC3D Verpackungsdesign-Software"},"content":{"rendered":"","protected":false},"excerpt":{"rendered":"","protected":false},"author":2,"featured_media":52021,"parent":0,"menu_order":107,"comment_status":"closed","ping_status":"closed","template":"","meta":{"_acf_changed":false,"_seopress_robots_primary_cat":"","_seopress_titles_title":"Entdecken Sie iC3D: All-in-One-Software f\u00fcr Verpackungsdesign und -Visualisierung %%sep%% %%sitetitle%%","_seopress_titles_desc":"Erkunden Sie iC3D, eine All-in-One-Anwendung f\u00fcr Verpackungsdesign, die Echtzeit-3D-Visualisierung, Prototyping und Proofing f\u00fcr verschiedene Verpackungstypen erm\u00f6glicht und somit Ihren Design-to-Production-Prozess optimiert.","_seopress_robots_index":"","footnotes":""},"class_list":["post-46053","page","type-page","status-publish","has-post-thumbnail","hentry"],"acf":[],"_links":{"self":[{"href":"https:\/\/hybridsoftware.com\/de\/wp-json\/wp\/v2\/pages\/46053","targetHints":{"allow":["GET"]}}],"collection":[{"href":"https:\/\/hybridsoftware.com\/de\/wp-json\/wp\/v2\/pages"}],"about":[{"href":"https:\/\/hybridsoftware.com\/de\/wp-json\/wp\/v2\/types\/page"}],"author":[{"embeddable":true,"href":"https:\/\/hybridsoftware.com\/de\/wp-json\/wp\/v2\/users\/2"}],"replies":[{"embeddable":true,"href":"https:\/\/hybridsoftware.com\/de\/wp-json\/wp\/v2\/comments?post=46053"}],"version-history":[{"count":0,"href":"https:\/\/hybridsoftware.com\/de\/wp-json\/wp\/v2\/pages\/46053\/revisions"}],"wp:featuredmedia":[{"embeddable":true,"href":"https:\/\/hybridsoftware.com\/de\/wp-json\/wp\/v2\/media\/52021"}],"wp:attachment":[{"href":"https:\/\/hybridsoftware.com\/de\/wp-json\/wp\/v2\/media?parent=46053"}],"curies":[{"name":"wp","href":"https:\/\/api.w.org\/{rel}","templated":true}]}}