{"id":45665,"date":"2024-12-05T15:01:27","date_gmt":"2024-12-05T14:01:27","guid":{"rendered":"https:\/\/hybridsoftware.com\/partner-netzwerk\/"},"modified":"2025-04-15T18:31:44","modified_gmt":"2025-04-15T16:31:44","slug":"partner-netzwerk","status":"publish","type":"page","link":"https:\/\/hybridsoftware.com\/de\/partner-netzwerk\/","title":{"rendered":"Partnernetzwerk"},"content":{"rendered":"","protected":false},"excerpt":{"rendered":"","protected":false},"author":1,"featured_media":0,"parent":0,"menu_order":114,"comment_status":"closed","ping_status":"closed","template":"","meta":{"_acf_changed":false,"_seopress_robots_primary_cat":"","_seopress_titles_title":"Software-Partnernetzwerk \u2013 Zusammenarbeit f\u00fcr verbesserte Druckl\u00f6sungen %%sep%% %%sitetitle%%","_seopress_titles_desc":"Erkunden Sie das globale Partnernetzwerk von HYBRID Software, einschlie\u00dflich Kooperationen mit Branchenf\u00fchrern wie CERM und Infigo, um integrierte und innovative L\u00f6sungen f\u00fcr die grafische Industrie zu liefern.","_seopress_robots_index":"","footnotes":""},"class_list":["post-45665","page","type-page","status-publish","hentry"],"acf":[],"_links":{"self":[{"href":"https:\/\/hybridsoftware.com\/de\/wp-json\/wp\/v2\/pages\/45665","targetHints":{"allow":["GET"]}}],"collection":[{"href":"https:\/\/hybridsoftware.com\/de\/wp-json\/wp\/v2\/pages"}],"about":[{"href":"https:\/\/hybridsoftware.com\/de\/wp-json\/wp\/v2\/types\/page"}],"author":[{"embeddable":true,"href":"https:\/\/hybridsoftware.com\/de\/wp-json\/wp\/v2\/users\/1"}],"replies":[{"embeddable":true,"href":"https:\/\/hybridsoftware.com\/de\/wp-json\/wp\/v2\/comments?post=45665"}],"version-history":[{"count":0,"href":"https:\/\/hybridsoftware.com\/de\/wp-json\/wp\/v2\/pages\/45665\/revisions"}],"wp:attachment":[{"href":"https:\/\/hybridsoftware.com\/de\/wp-json\/wp\/v2\/media?parent=45665"}],"curies":[{"name":"wp","href":"https:\/\/api.w.org\/{rel}","templated":true}]}}