{"id":45653,"date":"2024-09-26T14:46:23","date_gmt":"2024-09-26T12:46:23","guid":{"rendered":"https:\/\/hybridsoftware.com\/nachhaltigkeit\/"},"modified":"2025-04-15T18:32:28","modified_gmt":"2025-04-15T16:32:28","slug":"nachhaltigkeit","status":"publish","type":"page","link":"https:\/\/hybridsoftware.com\/de\/nachhaltigkeit\/","title":{"rendered":"Nachhaltigkeit"},"content":{"rendered":"","protected":false},"excerpt":{"rendered":"","protected":false},"author":1,"featured_media":0,"parent":0,"menu_order":0,"comment_status":"closed","ping_status":"closed","template":"","meta":{"_acf_changed":false,"_seopress_robots_primary_cat":"","_seopress_titles_title":"F\u00f6rderung der Nachhaltigkeit im Druck durch intelligente Software %%sep%% %%sitetitle%%","_seopress_titles_desc":"Erfahren Sie, wie HYBRID Software die Nachhaltigkeit in der Druckindustrie mit \u00f6koeffizienten L\u00f6sungen unterst\u00fctzt, die Abfall reduzieren, Arbeitsabl\u00e4ufe optimieren und Ressourcen schonen.","_seopress_robots_index":"","footnotes":""},"class_list":["post-45653","page","type-page","status-publish","hentry"],"acf":[],"_links":{"self":[{"href":"https:\/\/hybridsoftware.com\/de\/wp-json\/wp\/v2\/pages\/45653","targetHints":{"allow":["GET"]}}],"collection":[{"href":"https:\/\/hybridsoftware.com\/de\/wp-json\/wp\/v2\/pages"}],"about":[{"href":"https:\/\/hybridsoftware.com\/de\/wp-json\/wp\/v2\/types\/page"}],"author":[{"embeddable":true,"href":"https:\/\/hybridsoftware.com\/de\/wp-json\/wp\/v2\/users\/1"}],"replies":[{"embeddable":true,"href":"https:\/\/hybridsoftware.com\/de\/wp-json\/wp\/v2\/comments?post=45653"}],"version-history":[{"count":0,"href":"https:\/\/hybridsoftware.com\/de\/wp-json\/wp\/v2\/pages\/45653\/revisions"}],"wp:attachment":[{"href":"https:\/\/hybridsoftware.com\/de\/wp-json\/wp\/v2\/media?parent=45653"}],"curies":[{"name":"wp","href":"https:\/\/api.w.org\/{rel}","templated":true}]}}