{"id":45649,"date":"2024-12-23T10:56:19","date_gmt":"2024-12-23T09:56:19","guid":{"rendered":"https:\/\/hybridsoftware.com\/karriere\/"},"modified":"2025-07-15T12:24:05","modified_gmt":"2025-07-15T10:24:05","slug":"karriere","status":"publish","type":"page","link":"https:\/\/hybridsoftware.com\/de\/karriere\/","title":{"rendered":"Karriere"},"content":{"rendered":"","protected":false},"excerpt":{"rendered":"","protected":false},"author":1,"featured_media":0,"parent":0,"menu_order":125,"comment_status":"closed","ping_status":"closed","template":"","meta":{"_acf_changed":false,"_seopress_robots_primary_cat":"","_seopress_titles_title":"Werden Sie Teil unseres Teams \u2013 Karriere bei HYBRID Software","_seopress_titles_desc":"Entdecken Sie spannende Karrierem\u00f6glichkeiten bei HYBRID Software, einem f\u00fchrenden globalen Unternehmen in der Druckindustrie. Wir bieten wettbewerbsf\u00e4hige Geh\u00e4lter, hervorragende Sozialleistungen und ein kollaboratives Umfeld, in dem Eigeninitiative gef\u00f6rdert wird. Zu den aktuellen Stellenangeboten geh\u00f6ren L\u00f6sungsingenieur, Vertriebsmanager f\u00fcr Grafiksoftware, Softwaretestingenieur und weitere Positionen.  ","_seopress_robots_index":"","footnotes":""},"class_list":["post-45649","page","type-page","status-publish","hentry"],"acf":[],"_links":{"self":[{"href":"https:\/\/hybridsoftware.com\/de\/wp-json\/wp\/v2\/pages\/45649","targetHints":{"allow":["GET"]}}],"collection":[{"href":"https:\/\/hybridsoftware.com\/de\/wp-json\/wp\/v2\/pages"}],"about":[{"href":"https:\/\/hybridsoftware.com\/de\/wp-json\/wp\/v2\/types\/page"}],"author":[{"embeddable":true,"href":"https:\/\/hybridsoftware.com\/de\/wp-json\/wp\/v2\/users\/1"}],"replies":[{"embeddable":true,"href":"https:\/\/hybridsoftware.com\/de\/wp-json\/wp\/v2\/comments?post=45649"}],"version-history":[{"count":0,"href":"https:\/\/hybridsoftware.com\/de\/wp-json\/wp\/v2\/pages\/45649\/revisions"}],"wp:attachment":[{"href":"https:\/\/hybridsoftware.com\/de\/wp-json\/wp\/v2\/media?parent=45649"}],"curies":[{"name":"wp","href":"https:\/\/api.w.org\/{rel}","templated":true}]}}