{"id":45600,"date":"2024-12-22T17:35:39","date_gmt":"2024-12-22T16:35:39","guid":{"rendered":"https:\/\/hybridsoftware.com\/markeninhaber\/"},"modified":"2025-06-18T18:40:42","modified_gmt":"2025-06-18T16:40:42","slug":"markenartikler","status":"publish","type":"page","link":"https:\/\/hybridsoftware.com\/de\/markenartikler\/","title":{"rendered":"Markenartikler"},"content":{"rendered":"","protected":false},"excerpt":{"rendered":"","protected":false},"author":1,"featured_media":0,"parent":0,"menu_order":2,"comment_status":"closed","ping_status":"closed","template":"","meta":{"_acf_changed":false,"_seopress_robots_primary_cat":"","_seopress_titles_title":"Softwarel\u00f6sungen f\u00fcr Markenartikler - Optimieren Sie Ihr Verpackungsdesign und Ihre Genehmigungsprozesse","_seopress_titles_desc":"Entdecken Sie, wie Hybrid Software innovative L\u00f6sungen wie Artflow und iC3D anbietet, um Verpackungsdesign, Artwork-Management und Freigabe-Workflows f\u00fcr Markenartikler und Unternehmen der Konsumg\u00fcterindustrie zu verbessern.","_seopress_robots_index":"","footnotes":""},"class_list":["post-45600","page","type-page","status-publish","hentry"],"acf":[],"_links":{"self":[{"href":"https:\/\/hybridsoftware.com\/de\/wp-json\/wp\/v2\/pages\/45600","targetHints":{"allow":["GET"]}}],"collection":[{"href":"https:\/\/hybridsoftware.com\/de\/wp-json\/wp\/v2\/pages"}],"about":[{"href":"https:\/\/hybridsoftware.com\/de\/wp-json\/wp\/v2\/types\/page"}],"author":[{"embeddable":true,"href":"https:\/\/hybridsoftware.com\/de\/wp-json\/wp\/v2\/users\/1"}],"replies":[{"embeddable":true,"href":"https:\/\/hybridsoftware.com\/de\/wp-json\/wp\/v2\/comments?post=45600"}],"version-history":[{"count":0,"href":"https:\/\/hybridsoftware.com\/de\/wp-json\/wp\/v2\/pages\/45600\/revisions"}],"wp:attachment":[{"href":"https:\/\/hybridsoftware.com\/de\/wp-json\/wp\/v2\/media?parent=45600"}],"curies":[{"name":"wp","href":"https:\/\/api.w.org\/{rel}","templated":true}]}}