{"id":45599,"date":"2024-12-06T17:35:00","date_gmt":"2024-12-06T16:35:00","guid":{"rendered":"https:\/\/hybridsoftware.com\/druck-und-prepressdienstleister\/"},"modified":"2025-07-28T14:34:00","modified_gmt":"2025-07-28T12:34:00","slug":"druckvorstufenbetriebe-und-reprohaeuser","status":"publish","type":"page","link":"https:\/\/hybridsoftware.com\/de\/druckvorstufenbetriebe-und-reprohaeuser\/","title":{"rendered":"Druckvorstufenbetriebe und Reproh\u00e4user"},"content":{"rendered":"","protected":false},"excerpt":{"rendered":"","protected":false},"author":1,"featured_media":0,"parent":0,"menu_order":2,"comment_status":"closed","ping_status":"closed","template":"","meta":{"_acf_changed":false,"_seopress_robots_primary_cat":"","_seopress_titles_title":"Fortschrittliche Automatisierung f\u00fcr Druckvorstufenbetriebe und Reproh\u00e4user","_seopress_titles_desc":"Entdecken Sie, wie die innovativen Tools von HYBRID Software, einschlie\u00dflich CLOUDFLOW und PACKZ, die Effizienz f\u00fcr Druckvorstufenbetriebe und Pre-Media-H\u00e4user steigern, indem sie Druckvorstufenprozesse automatisieren, Fehler reduzieren und Durchlaufzeiten beschleunigen.","_seopress_robots_index":"","footnotes":""},"class_list":["post-45599","page","type-page","status-publish","hentry"],"acf":[],"_links":{"self":[{"href":"https:\/\/hybridsoftware.com\/de\/wp-json\/wp\/v2\/pages\/45599","targetHints":{"allow":["GET"]}}],"collection":[{"href":"https:\/\/hybridsoftware.com\/de\/wp-json\/wp\/v2\/pages"}],"about":[{"href":"https:\/\/hybridsoftware.com\/de\/wp-json\/wp\/v2\/types\/page"}],"author":[{"embeddable":true,"href":"https:\/\/hybridsoftware.com\/de\/wp-json\/wp\/v2\/users\/1"}],"replies":[{"embeddable":true,"href":"https:\/\/hybridsoftware.com\/de\/wp-json\/wp\/v2\/comments?post=45599"}],"version-history":[{"count":0,"href":"https:\/\/hybridsoftware.com\/de\/wp-json\/wp\/v2\/pages\/45599\/revisions"}],"wp:attachment":[{"href":"https:\/\/hybridsoftware.com\/de\/wp-json\/wp\/v2\/media?parent=45599"}],"curies":[{"name":"wp","href":"https:\/\/api.w.org\/{rel}","templated":true}]}}