{"id":45598,"date":"2024-12-05T14:04:45","date_gmt":"2024-12-05T13:04:45","guid":{"rendered":"https:\/\/hybridsoftware.com\/metalldruck-und-formkoerper-direktdruck\/"},"modified":"2025-06-18T18:18:19","modified_gmt":"2025-06-18T16:18:19","slug":"drucker-fuer-metalldosen-und-formkoerper","status":"publish","type":"page","link":"https:\/\/hybridsoftware.com\/de\/drucker-fuer-metalldosen-und-formkoerper\/","title":{"rendered":"Drucker f\u00fcr Metalldosen und Formk\u00f6rper"},"content":{"rendered":"","protected":false},"excerpt":{"rendered":"","protected":false},"author":1,"featured_media":0,"parent":0,"menu_order":2,"comment_status":"closed","ping_status":"closed","template":"","meta":{"_acf_changed":false,"_seopress_robots_primary_cat":"","_seopress_titles_title":"L\u00f6sungen f\u00fcr Drucker f\u00fcr Metalldosen und Formk\u00f6rper","_seopress_titles_desc":"Entdecken Sie, wie die fortschrittlichen Werkzeuge der Hybrid Software, einschlie\u00dflich verbesserter 3D-Visualisierung und Raytracing f\u00fcr Shrink-Sleeves und gestanzte Metalldosen, die Arbeitsabl\u00e4ufe in der Druckvorstufe f\u00fcr den Metalldosen- und Direct-to-Shape-Druck optimieren und so f\u00fcr Effizienz und hochwertige Ergebnisse sorgen.","_seopress_robots_index":"","footnotes":""},"class_list":["post-45598","page","type-page","status-publish","hentry"],"acf":[],"_links":{"self":[{"href":"https:\/\/hybridsoftware.com\/de\/wp-json\/wp\/v2\/pages\/45598","targetHints":{"allow":["GET"]}}],"collection":[{"href":"https:\/\/hybridsoftware.com\/de\/wp-json\/wp\/v2\/pages"}],"about":[{"href":"https:\/\/hybridsoftware.com\/de\/wp-json\/wp\/v2\/types\/page"}],"author":[{"embeddable":true,"href":"https:\/\/hybridsoftware.com\/de\/wp-json\/wp\/v2\/users\/1"}],"replies":[{"embeddable":true,"href":"https:\/\/hybridsoftware.com\/de\/wp-json\/wp\/v2\/comments?post=45598"}],"version-history":[{"count":0,"href":"https:\/\/hybridsoftware.com\/de\/wp-json\/wp\/v2\/pages\/45598\/revisions"}],"wp:attachment":[{"href":"https:\/\/hybridsoftware.com\/de\/wp-json\/wp\/v2\/media?parent=45598"}],"curies":[{"name":"wp","href":"https:\/\/api.w.org\/{rel}","templated":true}]}}