{"id":45597,"date":"2024-12-03T17:32:40","date_gmt":"2024-12-03T16:32:40","guid":{"rendered":"https:\/\/hybridsoftware.com\/wellpappendrucker\/"},"modified":"2025-07-28T14:18:49","modified_gmt":"2025-07-28T12:18:49","slug":"wellpappendrucker","status":"publish","type":"page","link":"https:\/\/hybridsoftware.com\/de\/wellpappendrucker\/","title":{"rendered":"Wellpappendrucker"},"content":{"rendered":"","protected":false},"excerpt":{"rendered":"","protected":false},"author":1,"featured_media":0,"parent":0,"menu_order":2,"comment_status":"closed","ping_status":"closed","template":"","meta":{"_acf_changed":false,"_seopress_robots_primary_cat":"","_seopress_titles_title":"Softwarel\u00f6sungen f\u00fcr Wellpappendrucker - Effizienzsteigerung und digitale Transformation","_seopress_titles_desc":"Entdecken Sie, wie die innovativen Tools von Hybrid Software die Arbeitsabl\u00e4ufe im Wellpappendruck rationalisieren, Ber\u00fchrungspunkte reduzieren und den \u00dcbergang zum Digitaldruck erleichtern, um die Effizienz und Kundenzufriedenheit zu steigern.","_seopress_robots_index":"","footnotes":""},"class_list":["post-45597","page","type-page","status-publish","hentry"],"acf":[],"_links":{"self":[{"href":"https:\/\/hybridsoftware.com\/de\/wp-json\/wp\/v2\/pages\/45597","targetHints":{"allow":["GET"]}}],"collection":[{"href":"https:\/\/hybridsoftware.com\/de\/wp-json\/wp\/v2\/pages"}],"about":[{"href":"https:\/\/hybridsoftware.com\/de\/wp-json\/wp\/v2\/types\/page"}],"author":[{"embeddable":true,"href":"https:\/\/hybridsoftware.com\/de\/wp-json\/wp\/v2\/users\/1"}],"replies":[{"embeddable":true,"href":"https:\/\/hybridsoftware.com\/de\/wp-json\/wp\/v2\/comments?post=45597"}],"version-history":[{"count":0,"href":"https:\/\/hybridsoftware.com\/de\/wp-json\/wp\/v2\/pages\/45597\/revisions"}],"wp:attachment":[{"href":"https:\/\/hybridsoftware.com\/de\/wp-json\/wp\/v2\/media?parent=45597"}],"curies":[{"name":"wp","href":"https:\/\/api.w.org\/{rel}","templated":true}]}}