{"id":45596,"date":"2024-12-03T17:17:46","date_gmt":"2024-12-03T16:17:46","guid":{"rendered":"https:\/\/hybridsoftware.com\/faltschachteldrucker\/"},"modified":"2025-08-04T16:29:43","modified_gmt":"2025-08-04T14:29:43","slug":"faltschachteldrucker","status":"publish","type":"page","link":"https:\/\/hybridsoftware.com\/de\/faltschachteldrucker\/","title":{"rendered":"Faltschachteldrucker"},"content":{"rendered":"","protected":false},"excerpt":{"rendered":"","protected":false},"author":1,"featured_media":0,"parent":0,"menu_order":2,"comment_status":"closed","ping_status":"closed","template":"","meta":{"_acf_changed":false,"_seopress_robots_primary_cat":"","_seopress_titles_title":"Software Solutions for Folding Carton Printers \u2013 Streamlining Prepress and Print Workflows %%sep%% %%sitetitle%%","_seopress_titles_desc":"Entdecken Sie, wie die innovativen Tools von Hybrid Software, einschlie\u00dflich PACKZ und CLOUDFLOW, die Effizienz steigern und die Markteinf\u00fchrungszeit f\u00fcr Faltschachteldrucker verk\u00fcrzen, indem sie die Prozesse der Druckvorstufe automatisieren und sich nahtlos in bestehende Systeme integrieren.","_seopress_robots_index":"","footnotes":""},"class_list":["post-45596","page","type-page","status-publish","hentry"],"acf":[],"_links":{"self":[{"href":"https:\/\/hybridsoftware.com\/de\/wp-json\/wp\/v2\/pages\/45596","targetHints":{"allow":["GET"]}}],"collection":[{"href":"https:\/\/hybridsoftware.com\/de\/wp-json\/wp\/v2\/pages"}],"about":[{"href":"https:\/\/hybridsoftware.com\/de\/wp-json\/wp\/v2\/types\/page"}],"author":[{"embeddable":true,"href":"https:\/\/hybridsoftware.com\/de\/wp-json\/wp\/v2\/users\/1"}],"replies":[{"embeddable":true,"href":"https:\/\/hybridsoftware.com\/de\/wp-json\/wp\/v2\/comments?post=45596"}],"version-history":[{"count":0,"href":"https:\/\/hybridsoftware.com\/de\/wp-json\/wp\/v2\/pages\/45596\/revisions"}],"wp:attachment":[{"href":"https:\/\/hybridsoftware.com\/de\/wp-json\/wp\/v2\/media?parent=45596"}],"curies":[{"name":"wp","href":"https:\/\/api.w.org\/{rel}","templated":true}]}}