{"id":45595,"date":"2024-12-02T16:12:42","date_gmt":"2024-12-02T15:12:42","guid":{"rendered":"https:\/\/hybridsoftware.com\/drucker-fuer-flexible-verpackungen\/"},"modified":"2025-08-04T16:21:25","modified_gmt":"2025-08-04T14:21:25","slug":"drucker-fuer-flexible-verpackungen","status":"publish","type":"page","link":"https:\/\/hybridsoftware.com\/de\/drucker-fuer-flexible-verpackungen\/","title":{"rendered":"Drucker f\u00fcr flexible Verpackungen"},"content":{"rendered":"","protected":false},"excerpt":{"rendered":"","protected":false},"author":1,"featured_media":0,"parent":0,"menu_order":2,"comment_status":"closed","ping_status":"closed","template":"","meta":{"_acf_changed":false,"_seopress_robots_primary_cat":"","_seopress_titles_title":"Softwarel\u00f6sungen f\u00fcr flexible Verpackungsdrucker - Rationalisierung von Druckvorstufen- und Druck-Workflows %%sep%% %%sitetitle%%","_seopress_titles_desc":"Entdecken Sie, wie die innovativen Tools von HYBRID Software, darunter PACKZ und CLOUDFLOW, die Effizienz steigern und die Markteinf\u00fchrungszeit f\u00fcr flexible Verpackungsdrucker verk\u00fcrzen, indem sie Prepress-Prozesse automatisieren und sich nahtlos in bestehende Systeme integrieren.","_seopress_robots_index":"","footnotes":""},"class_list":["post-45595","page","type-page","status-publish","hentry"],"acf":[],"_links":{"self":[{"href":"https:\/\/hybridsoftware.com\/de\/wp-json\/wp\/v2\/pages\/45595","targetHints":{"allow":["GET"]}}],"collection":[{"href":"https:\/\/hybridsoftware.com\/de\/wp-json\/wp\/v2\/pages"}],"about":[{"href":"https:\/\/hybridsoftware.com\/de\/wp-json\/wp\/v2\/types\/page"}],"author":[{"embeddable":true,"href":"https:\/\/hybridsoftware.com\/de\/wp-json\/wp\/v2\/users\/1"}],"replies":[{"embeddable":true,"href":"https:\/\/hybridsoftware.com\/de\/wp-json\/wp\/v2\/comments?post=45595"}],"version-history":[{"count":0,"href":"https:\/\/hybridsoftware.com\/de\/wp-json\/wp\/v2\/pages\/45595\/revisions"}],"wp:attachment":[{"href":"https:\/\/hybridsoftware.com\/de\/wp-json\/wp\/v2\/media?parent=45595"}],"curies":[{"name":"wp","href":"https:\/\/api.w.org\/{rel}","templated":true}]}}