{"id":45592,"date":"2024-12-02T15:32:22","date_gmt":"2024-12-02T14:32:22","guid":{"rendered":"https:\/\/hybridsoftware.com\/digitale-und-konventionelle-druckverfahren-nahtlos-kombinieren\/"},"modified":"2025-06-19T11:55:16","modified_gmt":"2025-06-19T09:55:16","slug":"verbinden-sie-digitalen-und-konventionellen-druck","status":"publish","type":"page","link":"https:\/\/hybridsoftware.com\/de\/verbinden-sie-digitalen-und-konventionellen-druck\/","title":{"rendered":"Verbinden Sie digitalen und konventionellen Druck"},"content":{"rendered":"","protected":false},"excerpt":{"rendered":"","protected":false},"author":1,"featured_media":0,"parent":0,"menu_order":4,"comment_status":"closed","ping_status":"closed","template":"","meta":{"_acf_changed":false,"_seopress_robots_primary_cat":"","_seopress_titles_title":"Nahtlose Verbindung von Digital- und konventionellem Druck mit HYBRID Software %%sep%% %%sitetitle%%","_seopress_titles_desc":"Entdecken Sie, wie die L\u00f6sungen von HYBRID Software die Integration von digitalen und konventionellen Drucktechnologien erm\u00f6glichen und Ihre Druckproduktion hinsichtlich Flexibilit\u00e4t und Effizienz optimieren.","_seopress_robots_index":"","footnotes":""},"class_list":["post-45592","page","type-page","status-publish","hentry"],"acf":[],"_links":{"self":[{"href":"https:\/\/hybridsoftware.com\/de\/wp-json\/wp\/v2\/pages\/45592","targetHints":{"allow":["GET"]}}],"collection":[{"href":"https:\/\/hybridsoftware.com\/de\/wp-json\/wp\/v2\/pages"}],"about":[{"href":"https:\/\/hybridsoftware.com\/de\/wp-json\/wp\/v2\/types\/page"}],"author":[{"embeddable":true,"href":"https:\/\/hybridsoftware.com\/de\/wp-json\/wp\/v2\/users\/1"}],"replies":[{"embeddable":true,"href":"https:\/\/hybridsoftware.com\/de\/wp-json\/wp\/v2\/comments?post=45592"}],"version-history":[{"count":0,"href":"https:\/\/hybridsoftware.com\/de\/wp-json\/wp\/v2\/pages\/45592\/revisions"}],"wp:attachment":[{"href":"https:\/\/hybridsoftware.com\/de\/wp-json\/wp\/v2\/media?parent=45592"}],"curies":[{"name":"wp","href":"https:\/\/api.w.org\/{rel}","templated":true}]}}