{"id":45591,"date":"2024-12-02T15:13:48","date_gmt":"2024-12-02T14:13:48","guid":{"rendered":"https:\/\/hybridsoftware.com\/perfektes-management-von-spotfarben\/"},"modified":"2025-06-19T11:26:06","modified_gmt":"2025-06-19T09:26:06","slug":"punktgenaues-farbmanagement","status":"publish","type":"page","link":"https:\/\/hybridsoftware.com\/de\/punktgenaues-farbmanagement\/","title":{"rendered":"Perfektes Management von Spotfarben"},"content":{"rendered":"","protected":false},"excerpt":{"rendered":"","protected":false},"author":1,"featured_media":0,"parent":0,"menu_order":3,"comment_status":"closed","ping_status":"closed","template":"","meta":{"_acf_changed":false,"_seopress_robots_primary_cat":"","_seopress_titles_title":"Pr\u00e4zises Farbmanagement: Erzielen Sie exakte und konsistente Farben %%sep%% %%sitetitle%%","_seopress_titles_desc":"Entdecken Sie, wie die fortschrittlichen Farbmanagement-L\u00f6sungen von HYBRID Software eine akkurate und konsistente Farbwiedergabe \u00fcber all Ihre Druckprojekte hinweg gew\u00e4hrleisten und somit die Qualit\u00e4t und Kundenzufriedenheit steigern.","_seopress_robots_index":"","footnotes":""},"class_list":["post-45591","page","type-page","status-publish","hentry"],"acf":[],"_links":{"self":[{"href":"https:\/\/hybridsoftware.com\/de\/wp-json\/wp\/v2\/pages\/45591","targetHints":{"allow":["GET"]}}],"collection":[{"href":"https:\/\/hybridsoftware.com\/de\/wp-json\/wp\/v2\/pages"}],"about":[{"href":"https:\/\/hybridsoftware.com\/de\/wp-json\/wp\/v2\/types\/page"}],"author":[{"embeddable":true,"href":"https:\/\/hybridsoftware.com\/de\/wp-json\/wp\/v2\/users\/1"}],"replies":[{"embeddable":true,"href":"https:\/\/hybridsoftware.com\/de\/wp-json\/wp\/v2\/comments?post=45591"}],"version-history":[{"count":0,"href":"https:\/\/hybridsoftware.com\/de\/wp-json\/wp\/v2\/pages\/45591\/revisions"}],"wp:attachment":[{"href":"https:\/\/hybridsoftware.com\/de\/wp-json\/wp\/v2\/media?parent=45591"}],"curies":[{"name":"wp","href":"https:\/\/api.w.org\/{rel}","templated":true}]}}