{"id":45590,"date":"2024-11-18T10:05:33","date_gmt":"2024-11-18T09:05:33","guid":{"rendered":"https:\/\/hybridsoftware.com\/etiketten-und-labeldrucker\/"},"modified":"2026-03-25T17:09:53","modified_gmt":"2026-03-25T16:09:53","slug":"etiketten-und-kennzeichnungsdrucker","status":"publish","type":"page","link":"https:\/\/hybridsoftware.com\/de\/etiketten-und-kennzeichnungsdrucker\/","title":{"rendered":"Etiketten- und Kennzeichnungsdrucker"},"content":{"rendered":"","protected":false},"excerpt":{"rendered":"","protected":false},"author":1,"featured_media":0,"parent":0,"menu_order":1,"comment_status":"closed","ping_status":"closed","template":"","meta":{"_acf_changed":false,"_seopress_robots_primary_cat":"","_seopress_titles_title":"Softwarel\u00f6sungen f\u00fcr Etiketten- und Aufkleberdrucker %%sep%% %%sitetitle%%","_seopress_titles_desc":"Entdecken Sie die innovativen L\u00f6sungen von HYBRID Software f\u00fcr Etikettendrucker, um Kosten zu senken, Prozesse zu rationalisieren und die Durchlaufzeiten in der Druckvorstufe und Druckproduktion zu verk\u00fcrzen.","_seopress_robots_index":"","footnotes":""},"class_list":["post-45590","page","type-page","status-publish","hentry"],"acf":[],"_links":{"self":[{"href":"https:\/\/hybridsoftware.com\/de\/wp-json\/wp\/v2\/pages\/45590","targetHints":{"allow":["GET"]}}],"collection":[{"href":"https:\/\/hybridsoftware.com\/de\/wp-json\/wp\/v2\/pages"}],"about":[{"href":"https:\/\/hybridsoftware.com\/de\/wp-json\/wp\/v2\/types\/page"}],"author":[{"embeddable":true,"href":"https:\/\/hybridsoftware.com\/de\/wp-json\/wp\/v2\/users\/1"}],"replies":[{"embeddable":true,"href":"https:\/\/hybridsoftware.com\/de\/wp-json\/wp\/v2\/comments?post=45590"}],"version-history":[{"count":1,"href":"https:\/\/hybridsoftware.com\/de\/wp-json\/wp\/v2\/pages\/45590\/revisions"}],"predecessor-version":[{"id":57360,"href":"https:\/\/hybridsoftware.com\/de\/wp-json\/wp\/v2\/pages\/45590\/revisions\/57360"}],"wp:attachment":[{"href":"https:\/\/hybridsoftware.com\/de\/wp-json\/wp\/v2\/media?parent=45590"}],"curies":[{"name":"wp","href":"https:\/\/api.w.org\/{rel}","templated":true}]}}