{"id":45588,"date":"2024-10-23T15:08:31","date_gmt":"2024-10-23T13:08:31","guid":{"rendered":"https:\/\/hybridsoftware.com\/technische-unterstuetzung\/"},"modified":"2025-08-05T16:15:35","modified_gmt":"2025-08-05T14:15:35","slug":"technische-support","status":"publish","type":"page","link":"https:\/\/hybridsoftware.com\/de\/technische-support\/","title":{"rendered":"Support"},"content":{"rendered":"","protected":false},"excerpt":{"rendered":"","protected":false},"author":1,"featured_media":0,"parent":0,"menu_order":108,"comment_status":"closed","ping_status":"closed","template":"","meta":{"_acf_changed":false,"_seopress_robots_primary_cat":"","_seopress_titles_title":"HYBRID Software-Support: Umfassende Unterst\u00fctzung f\u00fcr L\u00f6sungen in der Druckindustrie %%sep%% %%sitetitle%%","_seopress_titles_desc":"Greifen Sie auf die Support-Dienstleistungen von HYBRID Software zu, einschlie\u00dflich technischer Unterst\u00fctzung, Fehlerbehebungsleitf\u00e4den und Ressourcen zur Optimierung Ihrer Vorstufen- und Druckworkflows.","_seopress_robots_index":"","footnotes":""},"class_list":["post-45588","page","type-page","status-publish","hentry"],"acf":[],"_links":{"self":[{"href":"https:\/\/hybridsoftware.com\/de\/wp-json\/wp\/v2\/pages\/45588","targetHints":{"allow":["GET"]}}],"collection":[{"href":"https:\/\/hybridsoftware.com\/de\/wp-json\/wp\/v2\/pages"}],"about":[{"href":"https:\/\/hybridsoftware.com\/de\/wp-json\/wp\/v2\/types\/page"}],"author":[{"embeddable":true,"href":"https:\/\/hybridsoftware.com\/de\/wp-json\/wp\/v2\/users\/1"}],"replies":[{"embeddable":true,"href":"https:\/\/hybridsoftware.com\/de\/wp-json\/wp\/v2\/comments?post=45588"}],"version-history":[{"count":0,"href":"https:\/\/hybridsoftware.com\/de\/wp-json\/wp\/v2\/pages\/45588\/revisions"}],"wp:attachment":[{"href":"https:\/\/hybridsoftware.com\/de\/wp-json\/wp\/v2\/media?parent=45588"}],"curies":[{"name":"wp","href":"https:\/\/api.w.org\/{rel}","templated":true}]}}